{"id":2347,"date":"2023-11-09T10:08:18","date_gmt":"2023-11-09T10:08:18","guid":{"rendered":"https:\/\/storagepal.fr\/frais-administratifs\/"},"modified":"2023-11-09T10:19:10","modified_gmt":"2023-11-09T10:19:10","slug":"frais-administratifs","status":"publish","type":"page","link":"https:\/\/storagepal.fr\/fr\/frais-administratifs\/","title":{"rendered":"Frais administratifs"},"content":{"rendered":"<section class=\"wpb-content-wrapper\"><p>[vc_row][vc_column][vc_column_text]<\/p>\n<p>\n<table id=\"tablepress-3\" class=\"tablepress tablepress-id-3\">\n<thead>\n<tr class=\"row-1\">\n\t<th class=\"column-1\">Nom<\/th><th class=\"column-2\">Condition<\/th><th class=\"column-3\">Date due<\/th><th class=\"column-4\">Montant<\/th>\n<\/tr>\n<\/thead>\n<tbody class=\"row-striping row-hover\">\n<tr class=\"row-2\">\n\t<td class=\"column-1\">Visite suppl\u00e9mentaire<\/td><td class=\"column-2\"># visites > 2<br \/>\n# article > 4<\/td><td class=\"column-3\">Date de r\u00e9servation<\/td><td class=\"column-4\">30 \u20ac\/visite<br \/>\n3 \u20ac\/article<\/td>\n<\/tr>\n<tr class=\"row-3\">\n\t<td class=\"column-1\">Modification ou annulation tardive d\u2019une visite<\/td><td class=\"column-2\">> 13 heures le jour ouvrable pr\u00e9c\u00e9dant la date de la visite<\/td><td class=\"column-3\">Date de r\u00e9servation<\/td><td class=\"column-4\">30\u20ac<\/td>\n<\/tr>\n<tr class=\"row-4\">\n\t<td class=\"column-1\">Modification ou annulation tardive de transport (transporteur assign\u00e9)<\/td><td class=\"column-2\">> 13 heures le jour ouvrable pr\u00e9c\u00e9dant la date du transport.<\/td><td class=\"column-3\">Date de r\u00e9servation<\/td><td class=\"column-4\">Co\u00fbt du transport<\/td>\n<\/tr>\n<tr class=\"row-5\">\n\t<td class=\"column-1\">Modification ou annulation tardive de transport (aucun transporteur assign\u00e9)<\/td><td class=\"column-2\">> 13 heures le jour ouvrable pr\u00e9c\u00e9dant la date du transport.<\/td><td class=\"column-3\">Date de r\u00e9servation<\/td><td class=\"column-4\">30\u20ac<\/td>\n<\/tr>\n<tr class=\"row-6\">\n\t<td class=\"column-1\">Echec de paiement<\/td><td class=\"column-2\">Carte de cr\u00e9dit expir\u00e9e, fonds insuffisants, etc.<\/td><td class=\"column-3\">Date de paiement<\/td><td class=\"column-4\">10\u20ac<\/td>\n<\/tr>\n<tr class=\"row-7\">\n\t<td class=\"column-1\">Absence client (transporteur assign\u00e9)<\/td><td class=\"column-2\">Le client ou son d\u00e9l\u00e9gu\u00e9 ne se pr\u00e9sente pas<\/td><td class=\"column-3\">Date de r\u00e9servation<\/td><td class=\"column-4\">Co\u00fbt du transport<\/td>\n<\/tr>\n<tr class=\"row-8\">\n\t<td class=\"column-1\">Absence client (aucun transporteur assign\u00e9)<\/td><td class=\"column-2\">Le client ou son d\u00e9l\u00e9gu\u00e9 ne se pr\u00e9sente pas<\/td><td class=\"column-3\">Date de r\u00e9servation<\/td><td class=\"column-4\">30\u20ac<\/td>\n<\/tr>\n<tr class=\"row-9\">\n\t<td class=\"column-1\">Rappel de paiement<\/td><td class=\"column-2\">Par e-mail ou sms<\/td><td class=\"column-3\">Date de correspondance<\/td><td class=\"column-4\">5\u20ac<\/td>\n<\/tr>\n<tr class=\"row-10\">\n\t<td class=\"column-1\">Rappel de paiement<\/td><td class=\"column-2\">Par appel t\u00e9l\u00e9phonique<\/td><td class=\"column-3\">Date d\u2019appel<\/td><td class=\"column-4\">20\u20ac<\/td>\n<\/tr>\n<tr class=\"row-11\">\n\t<td class=\"column-1\">Frais de recouvrement<\/td><td class=\"column-2\">Placement en recouvrement par facture impay\u00e9e<\/td><td class=\"column-3\">Date de l\u2019avis<\/td><td class=\"column-4\">40\u20ac < dette de 500\u20ac ; 250\u20ac < 1000\u20ac ; +100\u20ac pour chaque tranche de dette suppl\u00e9mentaire de 500\u20ac.<\/td>\n<\/tr>\n<tr class=\"row-12\">\n\t<td class=\"column-1\">Adresse incorrecte<\/td><td class=\"column-2\">Le transporteur ne trouve pas l\u2019adresse<\/td><td class=\"column-3\">Date de r\u00e9servation<\/td><td class=\"column-4\">Co\u00fbt du transport<\/td>\n<\/tr>\n<tr class=\"row-13\">\n\t<td class=\"column-1\">Frais d\u2019emplacement inaccessible<\/td><td class=\"column-2\">Le transporteur ne peut pas acc\u00e9der aux articles<\/td><td class=\"column-3\">Date de r\u00e9servation<\/td><td class=\"column-4\">Co\u00fbt du transport<\/td>\n<\/tr>\n<tr class=\"row-14\">\n\t<td class=\"column-1\">Frais pour articles surdimensionn\u00e9s<br \/>\n(transporteur assign\u00e9)<\/td><td class=\"column-2\">\u20ac\/article<\/td><td class=\"column-3\">Date de r\u00e9servation<\/td><td class=\"column-4\">Co\u00fbt du transport<\/td>\n<\/tr>\n<tr class=\"row-15\">\n\t<td class=\"column-1\">Frais pour articles surdimensionn\u00e9s<br \/>\n(aucun transporteur assign\u00e9)<\/td><td class=\"column-2\">\u20ac\/article<\/td><td class=\"column-3\">Date de r\u00e9servation<\/td><td class=\"column-4\">30 \u20ac\/article<\/td>\n<\/tr>\n<tr class=\"row-16\">\n\t<td class=\"column-1\">Surcharge d\u2019article (transporteur assign\u00e9)<\/td><td class=\"column-2\">> max kg\/article\/handler<\/td><td class=\"column-3\">Date de r\u00e9servation<\/td><td class=\"column-4\">Co\u00fbt de transport<\/td>\n<\/tr>\n<tr class=\"row-17\">\n\t<td class=\"column-1\">Surcharge d\u2019article (aucun transporteur assign\u00e9)<\/td><td class=\"column-2\">> max kg\/article\/handler<\/td><td class=\"column-3\">Date de r\u00e9servation<\/td><td class=\"column-4\">30 \u20ac\/article<\/td>\n<\/tr>\n<tr class=\"row-18\">\n\t<td class=\"column-1\">Article interdit<\/td><td class=\"column-2\">Article interdit<\/td><td class=\"column-3\">Date de la facture<\/td><td class=\"column-4\">Devis personnalis\u00e9 yc transport, manutention, conditionnement, etc<\/td>\n<\/tr>\n<tr class=\"row-19\">\n\t<td class=\"column-1\">Reconditionnement<\/td><td class=\"column-2\">Emballage inad\u00e9quat<\/td><td class=\"column-3\">Date de r\u00e9servation<\/td><td class=\"column-4\">25 \u20ac\/article<\/td>\n<\/tr>\n<tr class=\"row-20\">\n\t<td class=\"column-1\">Etiquette<\/td><td class=\"column-2\">Etiquette manquante ou erron\u00e9e<\/td><td class=\"column-3\">Date de r\u00e9servation<\/td><td class=\"column-4\">3 \u20ac\/article<\/td>\n<\/tr>\n<tr class=\"row-21\">\n\t<td class=\"column-1\">D\u00e9charge<\/td><td class=\"column-2\">D\u00e9p\u00f4t d\u2019article \u00e0 l\u2019ext\u00e9rieur de la zone d\u2019entrep\u00f4t d\u00e9sign\u00e9e<\/td><td class=\"column-3\">Date de l\u2019avis<\/td><td class=\"column-4\">200\u20ac<\/td>\n<\/tr>\n<tr class=\"row-22\">\n\t<td class=\"column-1\">Manutention suppl\u00e9mentaire<\/td><td class=\"column-2\">Par tranche de 30 minutes<\/td><td class=\"column-3\">Date de r\u00e9servation<\/td><td class=\"column-4\">30\u20ac<\/td>\n<\/tr>\n<tr class=\"row-23\">\n\t<td class=\"column-1\">Abandon<\/td><td class=\"column-2\">Abandon d\u2019articles<\/td><td class=\"column-3\">Date de l\u2019avis<\/td><td class=\"column-4\">150 \u20ac\/m3<\/td>\n<\/tr>\n<tr class=\"row-24\">\n\t<td class=\"column-1\">Erreur client<\/td><td class=\"column-2\">Autre erreur du client<\/td><td class=\"column-3\">Date de l\u2019avis<\/td><td class=\"column-4\">30\u20ac<\/td>\n<\/tr>\n<\/tbody>\n<\/table>\n<!-- #tablepress-3 from cache -->[\/vc_column_text][\/vc_column][\/vc_row]<\/p>\n<\/section>","protected":false},"excerpt":{"rendered":"<p>[vc_row][vc_column][vc_column_text] [\/vc_column_text][\/vc_column][\/vc_row]<\/p>\n","protected":false},"author":1,"featured_media":0,"parent":0,"menu_order":0,"comment_status":"closed","ping_status":"closed","template":"","meta":{"content-type":"","site-sidebar-layout":"no-sidebar","site-content-layout":"plain-container","ast-site-content-layout":"","site-content-style":"default","site-sidebar-style":"default","ast-global-header-display":"","ast-banner-title-visibility":"","ast-main-header-display":"","ast-hfb-above-header-display":"","ast-hfb-below-header-display":"","ast-hfb-mobile-header-display":"","site-post-title":"disabled","ast-breadcrumbs-content":"","ast-featured-img":"disabled","footer-sml-layout":"","theme-transparent-header-meta":"default","adv-header-id-meta":"","stick-header-meta":"default","header-above-stick-meta":"","header-main-stick-meta":"","header-below-stick-meta":"","astra-migrate-meta-layouts":"","footnotes":""},"tags":[],"class_list":["post-2347","page","type-page","status-publish","hentry"],"yoast_head":"<!-- This site is optimized with the Yoast SEO plugin v25.9 - https:\/\/yoast.com\/wordpress\/plugins\/seo\/ -->\n<title>Frais administratifs - StoragePal<\/title>\n<meta name=\"robots\" content=\"index, follow, max-snippet:-1, max-image-preview:large, max-video-preview:-1\" \/>\n<link rel=\"canonical\" href=\"https:\/\/storagepal.fr\/fr\/frais-administratifs\/\" \/>\n<meta property=\"og:locale\" content=\"fr_FR\" \/>\n<meta property=\"og:type\" content=\"article\" \/>\n<meta property=\"og:title\" content=\"Frais administratifs - StoragePal\" \/>\n<meta property=\"og:description\" content=\"[vc_row][vc_column][vc_column_text] [\/vc_column_text][\/vc_column][\/vc_row]\" \/>\n<meta property=\"og:url\" content=\"https:\/\/storagepal.fr\/fr\/frais-administratifs\/\" \/>\n<meta property=\"og:site_name\" content=\"StoragePal\" \/>\n<meta property=\"article:modified_time\" content=\"2023-11-09T10:19:10+00:00\" \/>\n<meta name=\"twitter:card\" content=\"summary_large_image\" \/>\n<script type=\"application\/ld+json\" class=\"yoast-schema-graph\">{\"@context\":\"https:\/\/schema.org\",\"@graph\":[{\"@type\":\"WebPage\",\"@id\":\"https:\/\/storagepal.fr\/fr\/frais-administratifs\/\",\"url\":\"https:\/\/storagepal.fr\/fr\/frais-administratifs\/\",\"name\":\"Frais administratifs - StoragePal\",\"isPartOf\":{\"@id\":\"https:\/\/storagepal.fr\/#website\"},\"datePublished\":\"2023-11-09T10:08:18+00:00\",\"dateModified\":\"2023-11-09T10:19:10+00:00\",\"breadcrumb\":{\"@id\":\"https:\/\/storagepal.fr\/fr\/frais-administratifs\/#breadcrumb\"},\"inLanguage\":\"fr-FR\",\"potentialAction\":[{\"@type\":\"ReadAction\",\"target\":[\"https:\/\/storagepal.fr\/fr\/frais-administratifs\/\"]}]},{\"@type\":\"BreadcrumbList\",\"@id\":\"https:\/\/storagepal.fr\/fr\/frais-administratifs\/#breadcrumb\",\"itemListElement\":[{\"@type\":\"ListItem\",\"position\":1,\"name\":\"Home\",\"item\":\"https:\/\/storagepal.fr\/fr\/\"},{\"@type\":\"ListItem\",\"position\":2,\"name\":\"Frais administratifs\"}]},{\"@type\":\"WebSite\",\"@id\":\"https:\/\/storagepal.fr\/#website\",\"url\":\"https:\/\/storagepal.fr\/\",\"name\":\"StoragePal\",\"description\":\"\",\"publisher\":{\"@id\":\"https:\/\/storagepal.fr\/#organization\"},\"potentialAction\":[{\"@type\":\"SearchAction\",\"target\":{\"@type\":\"EntryPoint\",\"urlTemplate\":\"https:\/\/storagepal.fr\/?s={search_term_string}\"},\"query-input\":{\"@type\":\"PropertyValueSpecification\",\"valueRequired\":true,\"valueName\":\"search_term_string\"}}],\"inLanguage\":\"fr-FR\"},{\"@type\":\"Organization\",\"@id\":\"https:\/\/storagepal.fr\/#organization\",\"name\":\"StoragePal\",\"url\":\"https:\/\/storagepal.fr\/\",\"logo\":{\"@type\":\"ImageObject\",\"inLanguage\":\"fr-FR\",\"@id\":\"https:\/\/storagepal.fr\/#\/schema\/logo\/image\/\",\"url\":\"https:\/\/storagepal.fr\/wp-content\/uploads\/2023\/08\/storagepal-logo.png\",\"contentUrl\":\"https:\/\/storagepal.fr\/wp-content\/uploads\/2023\/08\/storagepal-logo.png\",\"width\":656,\"height\":193,\"caption\":\"StoragePal\"},\"image\":{\"@id\":\"https:\/\/storagepal.fr\/#\/schema\/logo\/image\/\"}}]}<\/script>\n<!-- \/ Yoast SEO plugin. -->","yoast_head_json":{"title":"Frais administratifs - StoragePal","robots":{"index":"index","follow":"follow","max-snippet":"max-snippet:-1","max-image-preview":"max-image-preview:large","max-video-preview":"max-video-preview:-1"},"canonical":"https:\/\/storagepal.fr\/fr\/frais-administratifs\/","og_locale":"fr_FR","og_type":"article","og_title":"Frais administratifs - StoragePal","og_description":"[vc_row][vc_column][vc_column_text] [\/vc_column_text][\/vc_column][\/vc_row]","og_url":"https:\/\/storagepal.fr\/fr\/frais-administratifs\/","og_site_name":"StoragePal","article_modified_time":"2023-11-09T10:19:10+00:00","twitter_card":"summary_large_image","schema":{"@context":"https:\/\/schema.org","@graph":[{"@type":"WebPage","@id":"https:\/\/storagepal.fr\/fr\/frais-administratifs\/","url":"https:\/\/storagepal.fr\/fr\/frais-administratifs\/","name":"Frais administratifs - StoragePal","isPartOf":{"@id":"https:\/\/storagepal.fr\/#website"},"datePublished":"2023-11-09T10:08:18+00:00","dateModified":"2023-11-09T10:19:10+00:00","breadcrumb":{"@id":"https:\/\/storagepal.fr\/fr\/frais-administratifs\/#breadcrumb"},"inLanguage":"fr-FR","potentialAction":[{"@type":"ReadAction","target":["https:\/\/storagepal.fr\/fr\/frais-administratifs\/"]}]},{"@type":"BreadcrumbList","@id":"https:\/\/storagepal.fr\/fr\/frais-administratifs\/#breadcrumb","itemListElement":[{"@type":"ListItem","position":1,"name":"Home","item":"https:\/\/storagepal.fr\/fr\/"},{"@type":"ListItem","position":2,"name":"Frais administratifs"}]},{"@type":"WebSite","@id":"https:\/\/storagepal.fr\/#website","url":"https:\/\/storagepal.fr\/","name":"StoragePal","description":"","publisher":{"@id":"https:\/\/storagepal.fr\/#organization"},"potentialAction":[{"@type":"SearchAction","target":{"@type":"EntryPoint","urlTemplate":"https:\/\/storagepal.fr\/?s={search_term_string}"},"query-input":{"@type":"PropertyValueSpecification","valueRequired":true,"valueName":"search_term_string"}}],"inLanguage":"fr-FR"},{"@type":"Organization","@id":"https:\/\/storagepal.fr\/#organization","name":"StoragePal","url":"https:\/\/storagepal.fr\/","logo":{"@type":"ImageObject","inLanguage":"fr-FR","@id":"https:\/\/storagepal.fr\/#\/schema\/logo\/image\/","url":"https:\/\/storagepal.fr\/wp-content\/uploads\/2023\/08\/storagepal-logo.png","contentUrl":"https:\/\/storagepal.fr\/wp-content\/uploads\/2023\/08\/storagepal-logo.png","width":656,"height":193,"caption":"StoragePal"},"image":{"@id":"https:\/\/storagepal.fr\/#\/schema\/logo\/image\/"}}]}},"_links":{"self":[{"href":"https:\/\/storagepal.fr\/fr\/wp-json\/wp\/v2\/pages\/2347","targetHints":{"allow":["GET"]}}],"collection":[{"href":"https:\/\/storagepal.fr\/fr\/wp-json\/wp\/v2\/pages"}],"about":[{"href":"https:\/\/storagepal.fr\/fr\/wp-json\/wp\/v2\/types\/page"}],"author":[{"embeddable":true,"href":"https:\/\/storagepal.fr\/fr\/wp-json\/wp\/v2\/users\/1"}],"replies":[{"embeddable":true,"href":"https:\/\/storagepal.fr\/fr\/wp-json\/wp\/v2\/comments?post=2347"}],"version-history":[{"count":5,"href":"https:\/\/storagepal.fr\/fr\/wp-json\/wp\/v2\/pages\/2347\/revisions"}],"predecessor-version":[{"id":2352,"href":"https:\/\/storagepal.fr\/fr\/wp-json\/wp\/v2\/pages\/2347\/revisions\/2352"}],"wp:attachment":[{"href":"https:\/\/storagepal.fr\/fr\/wp-json\/wp\/v2\/media?parent=2347"}],"wp:term":[{"taxonomy":"post_tag","embeddable":true,"href":"https:\/\/storagepal.fr\/fr\/wp-json\/wp\/v2\/tags?post=2347"}],"curies":[{"name":"wp","href":"https:\/\/api.w.org\/{rel}","templated":true}]}}