{"id":2237,"date":"2023-10-18T06:57:06","date_gmt":"2023-10-18T06:57:06","guid":{"rendered":"https:\/\/storagepal.fr\/guanrantie\/"},"modified":"2025-08-06T12:35:56","modified_gmt":"2025-08-06T12:35:56","slug":"garantie","status":"publish","type":"page","link":"https:\/\/storagepal.fr\/fr\/garantie\/","title":{"rendered":"Garantie"},"content":{"rendered":"<section class=\"wpb-content-wrapper\"><p>[vc_row][vc_column][vc_column_text]<\/p>\n<h2><span style=\"color: #ff9900;\">La Garantie compl\u00e9mentaire StoragePal<\/span><\/h2>\n<div class=\"neos-nodetypes-headline\">\n<h4><span style=\"color: #ff9900;\">Une garantie sur mesure<\/span><\/h4>\n<p>StoragePal se sent tr\u00e8s concern\u00e9 par la s\u00e9curit\u00e9 de vos biens et propose une garantie compl\u00e9mentaire adapt\u00e9e \u00e0 vos besoins. Les tarifs sont en ligne et transparents. Lors de votre r\u00e9servation, s\u00e9lectionnez votre garantie gr\u00e2ce au menu d\u00e9roulant dans le panier. Vous pourrez le modifier mensuellement par la suite.<\/p>\n<h4><span style=\"color: #ff9900;\">Une r\u00e9clamation ?<\/span><\/h4>\n<p>Quelque chose s&rsquo;est pas pass\u00e9 comme convenu avec votre commande ? Faites-nous savoir gr\u00e2ce \u00e0\u00a0<a href=\"https:\/\/docs.google.com\/forms\/d\/11eman2ncXYkbRMTb9h_oG3Lpy_Qt3tWkZ10tUKYrgwE\/\" target=\"_blank\" rel=\"noopener\">ce formulaire<\/a>\u00a0dans les 48h suivant l&rsquo;\u00e9v\u00e8nement et nous reviendrons vers vous dans les meilleurs d\u00e9lais.<\/p>\n<\/div>\n<p>[\/vc_column_text][\/vc_column][\/vc_row]<\/p>\n<\/section>","protected":false},"excerpt":{"rendered":"<p>[vc_row][vc_column][vc_column_text] La Garantie compl\u00e9mentaire StoragePal Une garantie sur mesure StoragePal se sent tr\u00e8s concern\u00e9 par la s\u00e9curit\u00e9 de vos biens et propose une garantie compl\u00e9mentaire adapt\u00e9e \u00e0 vos besoins. Les tarifs sont en ligne et transparents. Lors de votre r\u00e9servation, s\u00e9lectionnez votre garantie gr\u00e2ce au menu d\u00e9roulant dans le panier. Vous pourrez le modifier mensuellement &hellip;<\/p>\n<p class=\"read-more\"> <a class=\"\" href=\"https:\/\/storagepal.fr\/fr\/garantie\/\"> <span class=\"screen-reader-text\">Garantie<\/span> Lire la suite\u00a0\u00bb<\/a><\/p>\n","protected":false},"author":1,"featured_media":0,"parent":0,"menu_order":0,"comment_status":"closed","ping_status":"closed","template":"","meta":{"content-type":"","site-sidebar-layout":"no-sidebar","site-content-layout":"plain-container","ast-site-content-layout":"default","site-content-style":"default","site-sidebar-style":"default","ast-global-header-display":"","ast-banner-title-visibility":"","ast-main-header-display":"","ast-hfb-above-header-display":"","ast-hfb-below-header-display":"","ast-hfb-mobile-header-display":"","site-post-title":"disabled","ast-breadcrumbs-content":"","ast-featured-img":"disabled","footer-sml-layout":"","theme-transparent-header-meta":"default","adv-header-id-meta":"","stick-header-meta":"default","header-above-stick-meta":"","header-main-stick-meta":"","header-below-stick-meta":"","astra-migrate-meta-layouts":"set","footnotes":""},"tags":[],"class_list":["post-2237","page","type-page","status-publish","hentry"],"yoast_head":"<!-- This site is optimized with the Yoast SEO plugin v25.9 - https:\/\/yoast.com\/wordpress\/plugins\/seo\/ -->\n<title>Garantie - StoragePal<\/title>\n<meta name=\"robots\" content=\"index, follow, max-snippet:-1, max-image-preview:large, max-video-preview:-1\" \/>\n<link rel=\"canonical\" href=\"https:\/\/storagepal.fr\/fr\/garantie\/\" \/>\n<meta property=\"og:locale\" content=\"fr_FR\" \/>\n<meta property=\"og:type\" content=\"article\" \/>\n<meta property=\"og:title\" content=\"Garantie - StoragePal\" \/>\n<meta property=\"og:description\" content=\"[vc_row][vc_column][vc_column_text] La Garantie compl\u00e9mentaire StoragePal Une garantie sur mesure StoragePal se sent tr\u00e8s concern\u00e9 par la s\u00e9curit\u00e9 de vos biens et propose une garantie compl\u00e9mentaire adapt\u00e9e \u00e0 vos besoins. Les tarifs sont en ligne et transparents. Lors de votre r\u00e9servation, s\u00e9lectionnez votre garantie gr\u00e2ce au menu d\u00e9roulant dans le panier. Vous pourrez le modifier mensuellement &hellip; Garantie Lire la suite\u00a0\u00bb\" \/>\n<meta property=\"og:url\" content=\"https:\/\/storagepal.fr\/fr\/garantie\/\" \/>\n<meta property=\"og:site_name\" content=\"StoragePal\" \/>\n<meta property=\"article:modified_time\" content=\"2025-08-06T12:35:56+00:00\" \/>\n<meta name=\"twitter:card\" content=\"summary_large_image\" \/>\n<meta name=\"twitter:label1\" content=\"Dur\u00e9e de lecture estim\u00e9e\" \/>\n\t<meta name=\"twitter:data1\" content=\"1 minute\" \/>\n<script type=\"application\/ld+json\" class=\"yoast-schema-graph\">{\"@context\":\"https:\/\/schema.org\",\"@graph\":[{\"@type\":\"WebPage\",\"@id\":\"https:\/\/storagepal.fr\/fr\/garantie\/\",\"url\":\"https:\/\/storagepal.fr\/fr\/garantie\/\",\"name\":\"Garantie - StoragePal\",\"isPartOf\":{\"@id\":\"https:\/\/storagepal.fr\/#website\"},\"datePublished\":\"2023-10-18T06:57:06+00:00\",\"dateModified\":\"2025-08-06T12:35:56+00:00\",\"breadcrumb\":{\"@id\":\"https:\/\/storagepal.fr\/fr\/garantie\/#breadcrumb\"},\"inLanguage\":\"fr-FR\",\"potentialAction\":[{\"@type\":\"ReadAction\",\"target\":[\"https:\/\/storagepal.fr\/fr\/garantie\/\"]}]},{\"@type\":\"BreadcrumbList\",\"@id\":\"https:\/\/storagepal.fr\/fr\/garantie\/#breadcrumb\",\"itemListElement\":[{\"@type\":\"ListItem\",\"position\":1,\"name\":\"Home\",\"item\":\"https:\/\/storagepal.fr\/fr\/\"},{\"@type\":\"ListItem\",\"position\":2,\"name\":\"Garantie\"}]},{\"@type\":\"WebSite\",\"@id\":\"https:\/\/storagepal.fr\/#website\",\"url\":\"https:\/\/storagepal.fr\/\",\"name\":\"StoragePal\",\"description\":\"\",\"publisher\":{\"@id\":\"https:\/\/storagepal.fr\/#organization\"},\"potentialAction\":[{\"@type\":\"SearchAction\",\"target\":{\"@type\":\"EntryPoint\",\"urlTemplate\":\"https:\/\/storagepal.fr\/?s={search_term_string}\"},\"query-input\":{\"@type\":\"PropertyValueSpecification\",\"valueRequired\":true,\"valueName\":\"search_term_string\"}}],\"inLanguage\":\"fr-FR\"},{\"@type\":\"Organization\",\"@id\":\"https:\/\/storagepal.fr\/#organization\",\"name\":\"StoragePal\",\"url\":\"https:\/\/storagepal.fr\/\",\"logo\":{\"@type\":\"ImageObject\",\"inLanguage\":\"fr-FR\",\"@id\":\"https:\/\/storagepal.fr\/#\/schema\/logo\/image\/\",\"url\":\"https:\/\/storagepal.fr\/wp-content\/uploads\/2023\/08\/storagepal-logo.png\",\"contentUrl\":\"https:\/\/storagepal.fr\/wp-content\/uploads\/2023\/08\/storagepal-logo.png\",\"width\":656,\"height\":193,\"caption\":\"StoragePal\"},\"image\":{\"@id\":\"https:\/\/storagepal.fr\/#\/schema\/logo\/image\/\"}}]}<\/script>\n<!-- \/ Yoast SEO plugin. -->","yoast_head_json":{"title":"Garantie - StoragePal","robots":{"index":"index","follow":"follow","max-snippet":"max-snippet:-1","max-image-preview":"max-image-preview:large","max-video-preview":"max-video-preview:-1"},"canonical":"https:\/\/storagepal.fr\/fr\/garantie\/","og_locale":"fr_FR","og_type":"article","og_title":"Garantie - StoragePal","og_description":"[vc_row][vc_column][vc_column_text] La Garantie compl\u00e9mentaire StoragePal Une garantie sur mesure StoragePal se sent tr\u00e8s concern\u00e9 par la s\u00e9curit\u00e9 de vos biens et propose une garantie compl\u00e9mentaire adapt\u00e9e \u00e0 vos besoins. Les tarifs sont en ligne et transparents. Lors de votre r\u00e9servation, s\u00e9lectionnez votre garantie gr\u00e2ce au menu d\u00e9roulant dans le panier. Vous pourrez le modifier mensuellement &hellip; Garantie Lire la suite\u00a0\u00bb","og_url":"https:\/\/storagepal.fr\/fr\/garantie\/","og_site_name":"StoragePal","article_modified_time":"2025-08-06T12:35:56+00:00","twitter_card":"summary_large_image","twitter_misc":{"Dur\u00e9e de lecture estim\u00e9e":"1 minute"},"schema":{"@context":"https:\/\/schema.org","@graph":[{"@type":"WebPage","@id":"https:\/\/storagepal.fr\/fr\/garantie\/","url":"https:\/\/storagepal.fr\/fr\/garantie\/","name":"Garantie - StoragePal","isPartOf":{"@id":"https:\/\/storagepal.fr\/#website"},"datePublished":"2023-10-18T06:57:06+00:00","dateModified":"2025-08-06T12:35:56+00:00","breadcrumb":{"@id":"https:\/\/storagepal.fr\/fr\/garantie\/#breadcrumb"},"inLanguage":"fr-FR","potentialAction":[{"@type":"ReadAction","target":["https:\/\/storagepal.fr\/fr\/garantie\/"]}]},{"@type":"BreadcrumbList","@id":"https:\/\/storagepal.fr\/fr\/garantie\/#breadcrumb","itemListElement":[{"@type":"ListItem","position":1,"name":"Home","item":"https:\/\/storagepal.fr\/fr\/"},{"@type":"ListItem","position":2,"name":"Garantie"}]},{"@type":"WebSite","@id":"https:\/\/storagepal.fr\/#website","url":"https:\/\/storagepal.fr\/","name":"StoragePal","description":"","publisher":{"@id":"https:\/\/storagepal.fr\/#organization"},"potentialAction":[{"@type":"SearchAction","target":{"@type":"EntryPoint","urlTemplate":"https:\/\/storagepal.fr\/?s={search_term_string}"},"query-input":{"@type":"PropertyValueSpecification","valueRequired":true,"valueName":"search_term_string"}}],"inLanguage":"fr-FR"},{"@type":"Organization","@id":"https:\/\/storagepal.fr\/#organization","name":"StoragePal","url":"https:\/\/storagepal.fr\/","logo":{"@type":"ImageObject","inLanguage":"fr-FR","@id":"https:\/\/storagepal.fr\/#\/schema\/logo\/image\/","url":"https:\/\/storagepal.fr\/wp-content\/uploads\/2023\/08\/storagepal-logo.png","contentUrl":"https:\/\/storagepal.fr\/wp-content\/uploads\/2023\/08\/storagepal-logo.png","width":656,"height":193,"caption":"StoragePal"},"image":{"@id":"https:\/\/storagepal.fr\/#\/schema\/logo\/image\/"}}]}},"_links":{"self":[{"href":"https:\/\/storagepal.fr\/fr\/wp-json\/wp\/v2\/pages\/2237","targetHints":{"allow":["GET"]}}],"collection":[{"href":"https:\/\/storagepal.fr\/fr\/wp-json\/wp\/v2\/pages"}],"about":[{"href":"https:\/\/storagepal.fr\/fr\/wp-json\/wp\/v2\/types\/page"}],"author":[{"embeddable":true,"href":"https:\/\/storagepal.fr\/fr\/wp-json\/wp\/v2\/users\/1"}],"replies":[{"embeddable":true,"href":"https:\/\/storagepal.fr\/fr\/wp-json\/wp\/v2\/comments?post=2237"}],"version-history":[{"count":5,"href":"https:\/\/storagepal.fr\/fr\/wp-json\/wp\/v2\/pages\/2237\/revisions"}],"predecessor-version":[{"id":5932,"href":"https:\/\/storagepal.fr\/fr\/wp-json\/wp\/v2\/pages\/2237\/revisions\/5932"}],"wp:attachment":[{"href":"https:\/\/storagepal.fr\/fr\/wp-json\/wp\/v2\/media?parent=2237"}],"wp:term":[{"taxonomy":"post_tag","embeddable":true,"href":"https:\/\/storagepal.fr\/fr\/wp-json\/wp\/v2\/tags?post=2237"}],"curies":[{"name":"wp","href":"https:\/\/api.w.org\/{rel}","templated":true}]}}