{"id":1763,"date":"2023-09-10T05:42:36","date_gmt":"2023-09-10T05:42:36","guid":{"rendered":"https:\/\/storagepal.fr\/why-storagepal\/"},"modified":"2025-08-06T11:47:19","modified_gmt":"2025-08-06T11:47:19","slug":"pourquoi-storagepal","status":"publish","type":"page","link":"https:\/\/storagepal.fr\/fr\/pourquoi-storagepal\/","title":{"rendered":"Pourquoi StoragePal?"},"content":{"rendered":"<section class=\"wpb-content-wrapper\"><p>[vc_row el_class=\u00a0\u00bbmain-container\u00a0\u00bb css=\u00a0\u00bb.vc_custom_1693924006371{padding-bottom: 4em !important;}\u00a0\u00bb][vc_column css=\u00a0\u00bb.vc_custom_1694324241392{margin-top: 25px !important;}\u00a0\u00bb][vc_column_text]StoragePal est une solution pour tous, mais peut \u00eatre particuli\u00e8rement utile pour :<\/p>\n<ul>\n<li>les citadins et les entreprises qui d\u00e9m\u00e9nagent, r\u00e9duisent leurs effectifs ou manquent tout simplement d\u2019espace<\/li>\n<li>les jeunes couples qui attendent un b\u00e9b\u00e9<\/li>\n<li>les familles qui cherchent \u00e0 stocker les affaires de leurs enfants<\/li>\n<li>les citadins sans voiture qui ont besoin d\u2019acc\u00e9der \u00e0 leurs biens en moins de 24 heures<\/li>\n<li>les parents dont les enfants ont quitt\u00e9 la maison et qui souhaitent stocker leurs biens les plus pr\u00e9cieux \u00e0 peu de frais<\/li>\n<li>les pr\u00e9retrait\u00e9s ou les retrait\u00e9s<\/li>\n<li>les enfants qui cherchent \u00e0 entreposer les biens de leurs parents en maison de retraite<\/li>\n<li>les \u00e9tudiants ou nouveaux dipl\u00f4m\u00e9s qui d\u00e9m\u00e9nagent, voyagent ou d\u00e9m\u00e9nagent plus souvent mais n\u2019ont pas grand-chose \u00e0 stocker<\/li>\n<\/ul>\n<p>La passion de StoragePal est d\u2019am\u00e9liorer la qualit\u00e9 de vie urbaine en vous permettant de stocker vos biens \u00e0 port\u00e9e de main et \u00e0 moindre co\u00fbt.[\/vc_column_text][\/vc_column][\/vc_row][vc_row full_width=\u00a0\u00bbstretch_row\u00a0\u00bb equal_height=\u00a0\u00bbyes\u00a0\u00bb content_placement=\u00a0\u00bbmiddle\u00a0\u00bb css=\u00a0\u00bb.vc_custom_1693496054913{padding-top: 4em !important;padding-bottom: 4em !important;background-image: url(https:\/\/storagepal.fr\/wp-content\/uploads\/2023\/08\/blog-header.png?id=384) !important;background-position: center !important;background-repeat: no-repeat !important;background-size: cover !important;}\u00a0\u00bb][vc_column width=\u00a0\u00bb1\/2&Prime; css=\u00a0\u00bb.vc_custom_1693370142122{padding-top: 0px !important;}\u00a0\u00bb][vc_custom_heading text=\u00a0\u00bbStockez chez nous\u00a0\u00bb font_container=\u00a0\u00bbtag:h2|font_size:66px|text_align:left|color:%23ffffff|line_height:76px\u00a0\u00bb use_theme_fonts=\u00a0\u00bbyes\u00a0\u00bb el_class=\u00a0\u00bbwidth-title\u00a0\u00bb css=\u00a0\u00bb.vc_custom_1694515585701{margin-top: 0px !important;margin-bottom: 0px !important;padding-top: 0px !important;padding-bottom: 0px !important;}\u00a0\u00bb][\/vc_column][vc_column width=\u00a0\u00bb1\/2&Prime;][vc_raw_html el_class=\u00a0\u00bbtext-center\u00a0\u00bb]PGRpdiBjbGFzcz0iYXN0LWN1c3RvbS1idXR0b24iIHN0eWxlPSJiYWNrZ3JvdW5kOiB3aGl0ZTsgY29sb3I6IGJsYWNrOyI+T2J0ZW5pciB1biBkZXZpcyBpbW3DqWRpYXQ8L2Rpdj48YnI+Jm5ic3A7[\/vc_raw_html][\/vc_column][\/vc_row]<\/p>\n<\/section>","protected":false},"excerpt":{"rendered":"<p>[vc_row el_class=\u00a0\u00bbmain-container\u00a0\u00bb css=\u00a0\u00bb.vc_custom_1693924006371{padding-bottom: 4em !important;}\u00a0\u00bb][vc_column css=\u00a0\u00bb.vc_custom_1694324241392{margin-top: 25px !important;}\u00a0\u00bb][vc_column_text]StoragePal est une solution pour tous, mais peut \u00eatre particuli\u00e8rement utile pour : les citadins et les entreprises qui d\u00e9m\u00e9nagent, r\u00e9duisent leurs effectifs ou manquent tout simplement d\u2019espace les jeunes couples qui attendent un b\u00e9b\u00e9 les familles qui cherchent \u00e0 stocker les affaires de leurs enfants les citadins &hellip;<\/p>\n<p class=\"read-more\"> <a class=\"\" href=\"https:\/\/storagepal.fr\/fr\/pourquoi-storagepal\/\"> <span class=\"screen-reader-text\">Pourquoi StoragePal?<\/span> Lire la suite\u00a0\u00bb<\/a><\/p>\n","protected":false},"author":3,"featured_media":1797,"parent":0,"menu_order":0,"comment_status":"closed","ping_status":"closed","template":"","meta":{"content-type":"","site-sidebar-layout":"no-sidebar","site-content-layout":"plain-container","ast-site-content-layout":"default","site-content-style":"default","site-sidebar-style":"default","ast-global-header-display":"","ast-banner-title-visibility":"","ast-main-header-display":"","ast-hfb-above-header-display":"","ast-hfb-below-header-display":"","ast-hfb-mobile-header-display":"","site-post-title":"","ast-breadcrumbs-content":"","ast-featured-img":"","footer-sml-layout":"","theme-transparent-header-meta":"default","adv-header-id-meta":"","stick-header-meta":"default","header-above-stick-meta":"","header-main-stick-meta":"","header-below-stick-meta":"","astra-migrate-meta-layouts":"set","footnotes":""},"tags":[],"class_list":["post-1763","page","type-page","status-publish","has-post-thumbnail","hentry"],"yoast_head":"<!-- This site is optimized with the Yoast SEO plugin v25.9 - https:\/\/yoast.com\/wordpress\/plugins\/seo\/ -->\n<title>Pourquoi StoragePal? - StoragePal<\/title>\n<meta name=\"robots\" content=\"index, follow, max-snippet:-1, max-image-preview:large, max-video-preview:-1\" \/>\n<link rel=\"canonical\" href=\"https:\/\/storagepal.fr\/fr\/pourquoi-storagepal\/\" \/>\n<meta property=\"og:locale\" content=\"fr_FR\" \/>\n<meta property=\"og:type\" content=\"article\" \/>\n<meta property=\"og:title\" content=\"Pourquoi StoragePal? - StoragePal\" \/>\n<meta property=\"og:description\" content=\"[vc_row el_class=\u00a0\u00bbmain-container\u00a0\u00bb css=\u00a0\u00bb.vc_custom_1693924006371{padding-bottom: 4em !important;}\u00a0\u00bb][vc_column css=\u00a0\u00bb.vc_custom_1694324241392{margin-top: 25px !important;}\u00a0\u00bb][vc_column_text]StoragePal est une solution pour tous, mais peut \u00eatre particuli\u00e8rement utile pour : les citadins et les entreprises qui d\u00e9m\u00e9nagent, r\u00e9duisent leurs effectifs ou manquent tout simplement d\u2019espace les jeunes couples qui attendent un b\u00e9b\u00e9 les familles qui cherchent \u00e0 stocker les affaires de leurs enfants les citadins &hellip; Pourquoi StoragePal? Lire la suite\u00a0\u00bb\" \/>\n<meta property=\"og:url\" content=\"https:\/\/storagepal.fr\/fr\/pourquoi-storagepal\/\" \/>\n<meta property=\"og:site_name\" content=\"StoragePal\" \/>\n<meta property=\"article:modified_time\" content=\"2025-08-06T11:47:19+00:00\" \/>\n<meta property=\"og:image\" content=\"https:\/\/storagepal.fr\/wp-content\/uploads\/2023\/09\/why-storage-pal-hq.png\" \/>\n\t<meta property=\"og:image:width\" content=\"1500\" \/>\n\t<meta property=\"og:image:height\" content=\"350\" \/>\n\t<meta property=\"og:image:type\" content=\"image\/png\" \/>\n<meta name=\"twitter:card\" content=\"summary_large_image\" \/>\n<meta name=\"twitter:label1\" content=\"Dur\u00e9e de lecture estim\u00e9e\" \/>\n\t<meta name=\"twitter:data1\" content=\"2 minutes\" \/>\n<script type=\"application\/ld+json\" class=\"yoast-schema-graph\">{\"@context\":\"https:\/\/schema.org\",\"@graph\":[{\"@type\":\"WebPage\",\"@id\":\"https:\/\/storagepal.fr\/fr\/pourquoi-storagepal\/\",\"url\":\"https:\/\/storagepal.fr\/fr\/pourquoi-storagepal\/\",\"name\":\"Pourquoi StoragePal? - StoragePal\",\"isPartOf\":{\"@id\":\"https:\/\/storagepal.fr\/#website\"},\"primaryImageOfPage\":{\"@id\":\"https:\/\/storagepal.fr\/fr\/pourquoi-storagepal\/#primaryimage\"},\"image\":{\"@id\":\"https:\/\/storagepal.fr\/fr\/pourquoi-storagepal\/#primaryimage\"},\"thumbnailUrl\":\"https:\/\/storagepal.fr\/wp-content\/uploads\/2023\/09\/why-storage-pal-hq.png\",\"datePublished\":\"2023-09-10T05:42:36+00:00\",\"dateModified\":\"2025-08-06T11:47:19+00:00\",\"breadcrumb\":{\"@id\":\"https:\/\/storagepal.fr\/fr\/pourquoi-storagepal\/#breadcrumb\"},\"inLanguage\":\"fr-FR\",\"potentialAction\":[{\"@type\":\"ReadAction\",\"target\":[\"https:\/\/storagepal.fr\/fr\/pourquoi-storagepal\/\"]}]},{\"@type\":\"ImageObject\",\"inLanguage\":\"fr-FR\",\"@id\":\"https:\/\/storagepal.fr\/fr\/pourquoi-storagepal\/#primaryimage\",\"url\":\"https:\/\/storagepal.fr\/wp-content\/uploads\/2023\/09\/why-storage-pal-hq.png\",\"contentUrl\":\"https:\/\/storagepal.fr\/wp-content\/uploads\/2023\/09\/why-storage-pal-hq.png\",\"width\":1500,\"height\":350},{\"@type\":\"BreadcrumbList\",\"@id\":\"https:\/\/storagepal.fr\/fr\/pourquoi-storagepal\/#breadcrumb\",\"itemListElement\":[{\"@type\":\"ListItem\",\"position\":1,\"name\":\"Home\",\"item\":\"https:\/\/storagepal.fr\/fr\/\"},{\"@type\":\"ListItem\",\"position\":2,\"name\":\"Pourquoi StoragePal?\"}]},{\"@type\":\"WebSite\",\"@id\":\"https:\/\/storagepal.fr\/#website\",\"url\":\"https:\/\/storagepal.fr\/\",\"name\":\"StoragePal\",\"description\":\"\",\"publisher\":{\"@id\":\"https:\/\/storagepal.fr\/#organization\"},\"potentialAction\":[{\"@type\":\"SearchAction\",\"target\":{\"@type\":\"EntryPoint\",\"urlTemplate\":\"https:\/\/storagepal.fr\/?s={search_term_string}\"},\"query-input\":{\"@type\":\"PropertyValueSpecification\",\"valueRequired\":true,\"valueName\":\"search_term_string\"}}],\"inLanguage\":\"fr-FR\"},{\"@type\":\"Organization\",\"@id\":\"https:\/\/storagepal.fr\/#organization\",\"name\":\"StoragePal\",\"url\":\"https:\/\/storagepal.fr\/\",\"logo\":{\"@type\":\"ImageObject\",\"inLanguage\":\"fr-FR\",\"@id\":\"https:\/\/storagepal.fr\/#\/schema\/logo\/image\/\",\"url\":\"https:\/\/storagepal.fr\/wp-content\/uploads\/2023\/08\/storagepal-logo.png\",\"contentUrl\":\"https:\/\/storagepal.fr\/wp-content\/uploads\/2023\/08\/storagepal-logo.png\",\"width\":656,\"height\":193,\"caption\":\"StoragePal\"},\"image\":{\"@id\":\"https:\/\/storagepal.fr\/#\/schema\/logo\/image\/\"}}]}<\/script>\n<!-- \/ Yoast SEO plugin. -->","yoast_head_json":{"title":"Pourquoi StoragePal? - StoragePal","robots":{"index":"index","follow":"follow","max-snippet":"max-snippet:-1","max-image-preview":"max-image-preview:large","max-video-preview":"max-video-preview:-1"},"canonical":"https:\/\/storagepal.fr\/fr\/pourquoi-storagepal\/","og_locale":"fr_FR","og_type":"article","og_title":"Pourquoi StoragePal? - StoragePal","og_description":"[vc_row el_class=\u00a0\u00bbmain-container\u00a0\u00bb css=\u00a0\u00bb.vc_custom_1693924006371{padding-bottom: 4em !important;}\u00a0\u00bb][vc_column css=\u00a0\u00bb.vc_custom_1694324241392{margin-top: 25px !important;}\u00a0\u00bb][vc_column_text]StoragePal est une solution pour tous, mais peut \u00eatre particuli\u00e8rement utile pour : les citadins et les entreprises qui d\u00e9m\u00e9nagent, r\u00e9duisent leurs effectifs ou manquent tout simplement d\u2019espace les jeunes couples qui attendent un b\u00e9b\u00e9 les familles qui cherchent \u00e0 stocker les affaires de leurs enfants les citadins &hellip; Pourquoi StoragePal? Lire la suite\u00a0\u00bb","og_url":"https:\/\/storagepal.fr\/fr\/pourquoi-storagepal\/","og_site_name":"StoragePal","article_modified_time":"2025-08-06T11:47:19+00:00","og_image":[{"width":1500,"height":350,"url":"https:\/\/storagepal.fr\/wp-content\/uploads\/2023\/09\/why-storage-pal-hq.png","type":"image\/png"}],"twitter_card":"summary_large_image","twitter_misc":{"Dur\u00e9e de lecture estim\u00e9e":"2 minutes"},"schema":{"@context":"https:\/\/schema.org","@graph":[{"@type":"WebPage","@id":"https:\/\/storagepal.fr\/fr\/pourquoi-storagepal\/","url":"https:\/\/storagepal.fr\/fr\/pourquoi-storagepal\/","name":"Pourquoi StoragePal? - StoragePal","isPartOf":{"@id":"https:\/\/storagepal.fr\/#website"},"primaryImageOfPage":{"@id":"https:\/\/storagepal.fr\/fr\/pourquoi-storagepal\/#primaryimage"},"image":{"@id":"https:\/\/storagepal.fr\/fr\/pourquoi-storagepal\/#primaryimage"},"thumbnailUrl":"https:\/\/storagepal.fr\/wp-content\/uploads\/2023\/09\/why-storage-pal-hq.png","datePublished":"2023-09-10T05:42:36+00:00","dateModified":"2025-08-06T11:47:19+00:00","breadcrumb":{"@id":"https:\/\/storagepal.fr\/fr\/pourquoi-storagepal\/#breadcrumb"},"inLanguage":"fr-FR","potentialAction":[{"@type":"ReadAction","target":["https:\/\/storagepal.fr\/fr\/pourquoi-storagepal\/"]}]},{"@type":"ImageObject","inLanguage":"fr-FR","@id":"https:\/\/storagepal.fr\/fr\/pourquoi-storagepal\/#primaryimage","url":"https:\/\/storagepal.fr\/wp-content\/uploads\/2023\/09\/why-storage-pal-hq.png","contentUrl":"https:\/\/storagepal.fr\/wp-content\/uploads\/2023\/09\/why-storage-pal-hq.png","width":1500,"height":350},{"@type":"BreadcrumbList","@id":"https:\/\/storagepal.fr\/fr\/pourquoi-storagepal\/#breadcrumb","itemListElement":[{"@type":"ListItem","position":1,"name":"Home","item":"https:\/\/storagepal.fr\/fr\/"},{"@type":"ListItem","position":2,"name":"Pourquoi StoragePal?"}]},{"@type":"WebSite","@id":"https:\/\/storagepal.fr\/#website","url":"https:\/\/storagepal.fr\/","name":"StoragePal","description":"","publisher":{"@id":"https:\/\/storagepal.fr\/#organization"},"potentialAction":[{"@type":"SearchAction","target":{"@type":"EntryPoint","urlTemplate":"https:\/\/storagepal.fr\/?s={search_term_string}"},"query-input":{"@type":"PropertyValueSpecification","valueRequired":true,"valueName":"search_term_string"}}],"inLanguage":"fr-FR"},{"@type":"Organization","@id":"https:\/\/storagepal.fr\/#organization","name":"StoragePal","url":"https:\/\/storagepal.fr\/","logo":{"@type":"ImageObject","inLanguage":"fr-FR","@id":"https:\/\/storagepal.fr\/#\/schema\/logo\/image\/","url":"https:\/\/storagepal.fr\/wp-content\/uploads\/2023\/08\/storagepal-logo.png","contentUrl":"https:\/\/storagepal.fr\/wp-content\/uploads\/2023\/08\/storagepal-logo.png","width":656,"height":193,"caption":"StoragePal"},"image":{"@id":"https:\/\/storagepal.fr\/#\/schema\/logo\/image\/"}}]}},"_links":{"self":[{"href":"https:\/\/storagepal.fr\/fr\/wp-json\/wp\/v2\/pages\/1763","targetHints":{"allow":["GET"]}}],"collection":[{"href":"https:\/\/storagepal.fr\/fr\/wp-json\/wp\/v2\/pages"}],"about":[{"href":"https:\/\/storagepal.fr\/fr\/wp-json\/wp\/v2\/types\/page"}],"author":[{"embeddable":true,"href":"https:\/\/storagepal.fr\/fr\/wp-json\/wp\/v2\/users\/3"}],"replies":[{"embeddable":true,"href":"https:\/\/storagepal.fr\/fr\/wp-json\/wp\/v2\/comments?post=1763"}],"version-history":[{"count":12,"href":"https:\/\/storagepal.fr\/fr\/wp-json\/wp\/v2\/pages\/1763\/revisions"}],"predecessor-version":[{"id":5916,"href":"https:\/\/storagepal.fr\/fr\/wp-json\/wp\/v2\/pages\/1763\/revisions\/5916"}],"wp:featuredmedia":[{"embeddable":true,"href":"https:\/\/storagepal.fr\/fr\/wp-json\/wp\/v2\/media\/1797"}],"wp:attachment":[{"href":"https:\/\/storagepal.fr\/fr\/wp-json\/wp\/v2\/media?parent=1763"}],"wp:term":[{"taxonomy":"post_tag","embeddable":true,"href":"https:\/\/storagepal.fr\/fr\/wp-json\/wp\/v2\/tags?post=1763"}],"curies":[{"name":"wp","href":"https:\/\/api.w.org\/{rel}","templated":true}]}}