{"id":1762,"date":"2023-08-21T07:41:02","date_gmt":"2023-08-21T07:41:02","guid":{"rendered":"https:\/\/storagepal.fr\/privacy-policy\/"},"modified":"2025-08-21T03:39:15","modified_gmt":"2025-08-21T03:39:15","slug":"politique-de-confidentialite","status":"publish","type":"page","link":"https:\/\/storagepal.fr\/fr\/politique-de-confidentialite\/","title":{"rendered":"Politique de confidentialit\u00e9"},"content":{"rendered":"<section class=\"wpb-content-wrapper\"><p>[vc_row][vc_column][vc_column_text]<\/p>\n<h2 class=\"wp-block-heading\">Politique de confidentialit\u00e9<\/h2>\n<p>Vous trouverez ci-dessous une traduction automatique de notre politique de confidentialit\u00e9. Pour obtenir une version exacte, consultez la page en anglais.<\/p>\n<p>StoragePal s&rsquo;engage \u00e0 maintenir des garanties solides en mati\u00e8re de protection de la vie priv\u00e9e pour ses utilisateurs. Notre politique de confidentialit\u00e9 (ci-apr\u00e8s, \u00a0\u00bb Politique de confidentialit\u00e9 \u00ab\u00a0) est con\u00e7ue pour vous aider \u00e0 comprendre comment nous collectons, utilisons et prot\u00e9geons les donn\u00e9es que vous nous fournissez et pour vous aider \u00e0 prendre des d\u00e9cisions \u00e9clair\u00e9es lors de l&rsquo;utilisation de notre Service.<\/p>\n<p>Dans le cadre du pr\u00e9sent contrat, le terme \u00a0\u00bb Site \u00a0\u00bb fait r\u00e9f\u00e9rence au site Internet de StoragePal, accessible \u00e0 partir de www.storagepal.fr ou via notre application mobile iOS.<\/p>\n<p>Le terme \u00a0\u00bb Service \u00a0\u00bb d\u00e9signe les services de StoragePal auxquels les utilisateurs acc\u00e8dent par l&rsquo;interm\u00e9diaire du Site et dans le cadre desquels ils peuvent :<\/p>\n<p>\u00e9tablir et payer une commande pour le stockage de leurs affaires sur une base mensuelle ;<br \/>planifier le transport de leurs effets vers nos entrep\u00f4ts ; et<br \/>planifier le retour de leurs biens de nos entrep\u00f4ts \u00e0 l&rsquo;adresse de livraison en passant par leur grenier virtuel.<br \/>Les termes \u00a0\u00bb nous \u00a0\u00bb et \u00a0\u00bb notre \u00a0\u00bb font r\u00e9f\u00e9rence \u00e0 StoragePal. Le terme \u00a0\u00bb vous \u00a0\u00bb se r\u00e9f\u00e8re \u00e0 vous en tant qu&rsquo;utilisateur de notre Site ou de notre Service.<\/p>\n<p>En acc\u00e9dant \u00e0 notre Site ou \u00e0 notre Service, vous acceptez notre Politique de confidentialit\u00e9 et nos Conditions d&rsquo;utilisation et consentez \u00e0 ce que nous collections, stockions, utilisions et divulguions vos donn\u00e9es personnelles comme d\u00e9crit ci-dessous.<\/p>\n<p>I. DONN\u00c9ES QUE NOUS COLLECTONS<br \/>Nous collectons des \u00ab\u00a0donn\u00e9es non personnelles\u00a0\u00bb et des \u00ab\u00a0donn\u00e9es d&rsquo;identification personnelle\u00a0\u00bb. Les donn\u00e9es non personnelles comprennent les donn\u00e9es qui ne peuvent pas \u00eatre utilis\u00e9es pour vous identifier personnellement, telles que les donn\u00e9es d&rsquo;utilisation anonymes, les donn\u00e9es d\u00e9mographiques g\u00e9n\u00e9rales que nous pouvons collecter, les pages et URL de r\u00e9f\u00e9rence, les types de plateformes que vous utilisez, les pr\u00e9f\u00e9rences que vous soumettez, et les pr\u00e9f\u00e9rences qui sont g\u00e9n\u00e9r\u00e9es sur la base des donn\u00e9es que vous soumettez et du nombre de clics que vous effectuez.<\/p>\n<p>Les donn\u00e9es d&rsquo;identification personnelle comprennent des donn\u00e9es telles que votre nom, votre adresse personnelle, votre adresse \u00e9lectronique, votre date de naissance, vos donn\u00e9es de connexion, votre num\u00e9ro de t\u00e9l\u00e9phone et votre num\u00e9ro de carte de cr\u00e9dit, que vous avez soumis avant d&rsquo;utiliser notre service. Si vous vous inscrivez ou vous connectez \u00e0 votre compte par l&rsquo;interm\u00e9diaire d&rsquo;un service de m\u00e9dias sociaux tiers, nous aurons acc\u00e8s \u00e0 certaines donn\u00e9es d&rsquo;identification personnelle de votre compte tiers \u00e0 partir de ce service de m\u00e9dias sociaux, dans la mesure o\u00f9 ils l&rsquo;autorisent. Vous avez la possibilit\u00e9 de d\u00e9sactiver la connexion entre notre service et votre compte tiers \u00e0 tout moment.<\/p>\n<p>1. Donn\u00e9es collect\u00e9es par le biais du site<br \/>Pour vous inscrire \u00e0 notre Service, vous n&rsquo;avez pas besoin de fournir d&rsquo;autres donn\u00e9es personnelles que votre adresse e-mail. Pour utiliser le Service, vous devez fournir d&rsquo;autres donn\u00e9es d&rsquo;identification personnelle, qui peuvent inclure vos nom(s) et pr\u00e9nom(s), votre adresse personnelle, votre adresse \u00e9lectronique, votre date de naissance, vos donn\u00e9es de connexion, votre num\u00e9ro de t\u00e9l\u00e9phone et votre num\u00e9ro de carte de cr\u00e9dit.<\/p>\n<p>Afin d&rsquo;am\u00e9liorer la qualit\u00e9 du service, nous suivons les donn\u00e9es qui nous sont fournies par votre navigateur ou vos applications lorsque vous visitez ou utilisez le service, telles que le site web d&rsquo;o\u00f9 vous venez (\u00ab\u00a0URL de r\u00e9f\u00e9rence\u00a0\u00bb), le type de navigateur que vous utilisez, l&rsquo;appareil \u00e0 partir duquel vous vous \u00eates connect\u00e9 au service, la date et l&rsquo;heure d&rsquo;acc\u00e8s, et toute autre information qui ne vous identifie pas personnellement.<\/p>\n<p>Nous suivons ces donn\u00e9es \u00e0 l&rsquo;aide de cookies ou de petits fichiers texte contenant un identifiant unique anonyme. Les cookies sont envoy\u00e9s au navigateur de l&rsquo;utilisateur par nos serveurs et sont stock\u00e9s sur le disque dur de l&rsquo;ordinateur de l&rsquo;utilisateur. L&rsquo;envoi d&rsquo;un cookie au navigateur d&rsquo;un utilisateur nous permet de collecter des donn\u00e9es non personnelles sur cet utilisateur et de suivre ses pr\u00e9f\u00e9rences lors de l&rsquo;utilisation de nos services, \u00e0 la fois sur une base individuelle et globale.<\/p>\n<p>StoragePal peut utiliser \u00e0 la fois des cookies \u00ab\u00a0persistants\u00a0\u00bb et des cookies \u00ab\u00a0de session\u00a0\u00bb. Les cookies persistants sont stock\u00e9s sur votre disque dur jusqu&rsquo;\u00e0 leur expiration (les cookies persistants sont assortis de dates d&rsquo;expiration) ou jusqu&rsquo;\u00e0 ce que vous supprimiez le cookie. Les cookies persistants sont utilis\u00e9s pour collecter des informations d&rsquo;identification sur l&rsquo;utilisateur, telles que son comportement de navigation sur le web ou ses pr\u00e9f\u00e9rences pour un site web sp\u00e9cifique. Les cookies de session sont effac\u00e9s lorsque vous fermez le navigateur web. Le cookie de session est stock\u00e9 dans une m\u00e9moire temporaire et n&rsquo;est pas conserv\u00e9 apr\u00e8s la fermeture du navigateur. Les cookies de session ne collectent pas de donn\u00e9es sur votre ordinateur. Ils stockent g\u00e9n\u00e9ralement les donn\u00e9es sous la forme d&rsquo;un identifiant de session qui ne permet pas d&rsquo;identifier personnellement l&rsquo;utilisateur.<\/p>\n<p>2. Donn\u00e9es que vous nous fournissez en vous inscrivant pour ouvrir un compte<br \/>Outre les donn\u00e9es fournies automatiquement par votre navigateur lorsque vous visitez le site, vous devrez cr\u00e9er un compte pour vous abonner au service. Vous pouvez cr\u00e9er un profil en vous inscrivant au Service et en saisissant votre adresse \u00e9lectronique et votre mot de passe. En vous inscrivant, vous nous autorisez \u00e0 collecter, stocker et utiliser votre adresse \u00e9lectronique conform\u00e9ment \u00e0 la pr\u00e9sente politique de confidentialit\u00e9.<\/p>\n<p>II. COMMENT NOUS UTILISONS ET PARTAGEONS VOS DONN\u00c9ES<br \/>1. Donn\u00e9es personnelles<br \/>Sauf indication contraire dans la pr\u00e9sente politique de confidentialit\u00e9, nous ne vendons pas, n&rsquo;\u00e9changeons pas, ne louons pas et ne partageons pas vos informations personnelles avec des tiers \u00e0 des fins de marketing sans votre consentement, tel que d\u00e9fini dans nos conditions d&rsquo;utilisation.<\/p>\n<p>Nous partageons les donn\u00e9es personnelles avec les membres autoris\u00e9s du personnel de StoragePal afin d&rsquo;effectuer les op\u00e9rations n\u00e9cessaires aux fins d\u00e9crites dans l&rsquo;introduction de la pr\u00e9sente politique de confidentialit\u00e9.<\/p>\n<p>Nous partageons des donn\u00e9es personnelles avec des fournisseurs qui fournissent des services \u00e0 StoragePal, tels que les serveurs de nos communications par courrier \u00e9lectronique qui ont acc\u00e8s \u00e0 l&rsquo;adresse \u00e9lectronique de l&rsquo;utilisateur dans le but d&rsquo;envoyer des courriers \u00e9lectroniques de notre part. Ces fournisseurs n&rsquo;utilisent vos donn\u00e9es personnelles qu&rsquo;\u00e0 notre demande et conform\u00e9ment \u00e0 notre politique de confidentialit\u00e9.<\/p>\n<p>En g\u00e9n\u00e9ral, nous utilisons les donn\u00e9es personnelles que vous nous fournissez pour vous contacter, r\u00e9pondre \u00e0 vos questions, solliciter votre avis sur notre service, vous fournir une assistance technique et vous informer de nos offres promotionnelles.<\/p>\n<p>Nous pouvons partager des informations personnelles avec des tiers si nous estimons de bonne foi que l&rsquo;acc\u00e8s, l&rsquo;utilisation, la conservation ou la divulgation des donn\u00e9es est raisonnablement n\u00e9cessaire :<\/p>\n<p>pour r\u00e9pondre \u00e0 une proc\u00e9dure judiciaire applicable ou \u00e0 une demande gouvernementale ex\u00e9cutoire ;<br \/>pour appliquer les conditions d&rsquo;utilisation, y compris les enqu\u00eates sur les violations potentielles<br \/>r\u00e9soudre des probl\u00e8mes de fraude, de s\u00e9curit\u00e9 ou techniques ; ou<br \/>prot\u00e9ger nos utilisateurs ou le public contre les atteintes aux droits, \u00e0 la propri\u00e9t\u00e9 ou \u00e0 la s\u00e9curit\u00e9, comme l&rsquo;exige ou l&rsquo;autorise la loi.<br \/>2. Donn\u00e9es non personnelles<br \/>En g\u00e9n\u00e9ral, nous utilisons des donn\u00e9es non personnelles pour nous aider \u00e0 am\u00e9liorer le service et \u00e0 personnaliser l&rsquo;exp\u00e9rience de l&rsquo;utilisateur. Nous regroupons \u00e9galement les donn\u00e9es non personnelles pour suivre les tendances et analyser les modes d&rsquo;utilisation du site. La pr\u00e9sente politique de confidentialit\u00e9 ne limite en rien notre utilisation ou notre divulgation d&rsquo;informations non personnelles et nous nous r\u00e9servons le droit d&rsquo;utiliser et de divulguer ces informations non personnelles \u00e0 nos partenaires, annonceurs et autres tiers, \u00e0 notre discr\u00e9tion.<\/p>\n<p>Dans le cas o\u00f9 nous ferions l&rsquo;objet d&rsquo;une transaction commerciale telle qu&rsquo;une fusion, une acquisition par une autre soci\u00e9t\u00e9 ou la vente de tout ou partie de nos actifs, vos donn\u00e9es personnelles pourraient faire partie des actifs transf\u00e9r\u00e9s. Vous reconnaissez et acceptez que de tels transferts puissent avoir lieu et soient autoris\u00e9s par la pr\u00e9sente politique de confidentialit\u00e9, et que tout acqu\u00e9reur de nos actifs puisse continuer \u00e0 traiter vos donn\u00e9es \u00e0 caract\u00e8re personnel conform\u00e9ment \u00e0 la pr\u00e9sente politique de confidentialit\u00e9. Si nos pratiques en mati\u00e8re d&rsquo;information changent \u00e0 l&rsquo;avenir, nous publierons les changements de politique sur le site de mani\u00e8re \u00e0 ce que vous puissiez choisir de ne pas adh\u00e9rer aux nouvelles pratiques en mati\u00e8re d&rsquo;information. Nous vous conseillons de consulter r\u00e9guli\u00e8rement le site si vous \u00eates pr\u00e9occup\u00e9 par la mani\u00e8re dont vos donn\u00e9es personnelles sont utilis\u00e9es.<\/p>\n<p>III. COMMENT NOUS PROT\u00c9GEONS VOS DONN\u00c9ES<br \/>Nous mettons en \u0153uvre des mesures de s\u00e9curit\u00e9 techniques et organisationnelles destin\u00e9es \u00e0 prot\u00e9ger vos donn\u00e9es contre tout acc\u00e8s non autoris\u00e9.<\/p>\n<p>Votre compte est prot\u00e9g\u00e9 par un mot de passe que nous vous encourageons \u00e0 changer r\u00e9guli\u00e8rement, \u00e0 ne pas divulguer votre mot de passe \u00e0 d&rsquo;autres personnes et \u00e0 vous d\u00e9connecter de votre compte apr\u00e8s chaque utilisation.<\/p>\n<p>Nous prenons des mesures techniques et organisationnelles pour prot\u00e9ger vos donn\u00e9es contre l&rsquo;acc\u00e8s non autoris\u00e9, la modification, la divulgation ou la destruction des donn\u00e9es que nous d\u00e9tenons, y compris :<\/p>\n<p>le cryptage pour pr\u00e9server la confidentialit\u00e9, l&rsquo;authenticit\u00e9 et l&rsquo;int\u00e9grit\u00e9 de vos donn\u00e9es pendant le transit, tel que Secure Sockets Layer (SSL) et\/ou Transport Layer (TLS Security) ;<br \/>l&rsquo;\u00e9valuation et la v\u00e9rification r\u00e9guli\u00e8res de nos pratiques en mati\u00e8re de collecte, de stockage et de traitement des informations ;<br \/>la possibilit\u00e9 d&rsquo;activer l&rsquo;authentification \u00e0 deux facteurs (\u00e9galement connue sous le nom de \u00ab\u00a02FA\u00a0\u00bb) pour vous connecter \u00e0 votre compte ;<br \/>la restriction de l&rsquo;acc\u00e8s aux donn\u00e9es personnelles par les employ\u00e9s de StoragePal, les prestataires de services et les agents qui ont besoin de ces donn\u00e9es pour le traitement, et la r\u00e9alisation de contr\u00f4les de diligence raisonnable avec les fournisseurs et les prestataires de services pour garantir le respect des obligations de confidentialit\u00e9 \u00e9nonc\u00e9es dans la pr\u00e9sente politique de confidentialit\u00e9 et dans nos conditions d&rsquo;utilisation.<br \/>Toutefois, ces mesures ne garantissent pas que vos donn\u00e9es ne seront pas consult\u00e9es, divulgu\u00e9es, modifi\u00e9es ou d\u00e9truites en cas de violation de ces mesures. En utilisant notre Service, vous reconnaissez que vous comprenez et acceptez d&rsquo;assumer ces risques.<\/p>\n<p>IV. VOS DROITS CONCERNANT L&rsquo;UTILISATION DE VOS DONNEES PERSONNELLES<br \/>Vous avez le droit d&#8217;emp\u00eacher \u00e0 tout moment que nous vous contactions \u00e0 des fins de marketing. Lorsque nous envoyons un message promotionnel \u00e0 un utilisateur, celui-ci peut refuser les communications promotionnelles ult\u00e9rieures en suivant les instructions de d\u00e9sabonnement fournies dans chaque courriel promotionnel. Vous pouvez \u00e9galement indiquer que vous ne souhaitez pas recevoir de communications marketing de notre part dans la section \u00ab\u00a0Param\u00e8tres\u00a0\u00bb de votre compte. Veuillez noter que, nonobstant les pr\u00e9f\u00e9rences promotionnelles que vous indiquez en vous d\u00e9sabonnant ou en vous d\u00e9sinscrivant de nos communications, nous pouvons continuer \u00e0 vous envoyer des courriels administratifs, y compris, par exemple, des mises \u00e0 jour p\u00e9riodiques de notre politique de protection de la vie priv\u00e9e.<\/p>\n<p>V. LIENS VERS D&rsquo;AUTRES SITES WEB<br \/>Dans le cadre du Service, nous pouvons fournir des liens vers d&rsquo;autres sites web ou applications ou \u00eatre compatibles avec ceux-ci. Toutefois, nous ne sommes pas responsables des pratiques en mati\u00e8re de protection de la vie priv\u00e9e utilis\u00e9es par ces sites web, ni des donn\u00e9es ou du contenu qu&rsquo;ils contiennent. La pr\u00e9sente politique de confidentialit\u00e9 ne s&rsquo;applique qu&rsquo;aux donn\u00e9es que nous collectons par l&rsquo;interm\u00e9diaire du site et du service. Par cons\u00e9quent, la pr\u00e9sente politique de confidentialit\u00e9 ne s&rsquo;applique pas \u00e0 votre utilisation d&rsquo;un site web tiers auquel vous acc\u00e9dez en s\u00e9lectionnant un lien sur notre site ou par le biais de notre service. Dans la mesure o\u00f9 vous acc\u00e9dez au Service ou l&rsquo;utilisez par le biais de tout autre site web ou application, la politique de confidentialit\u00e9 de cet autre site web ou application s&rsquo;appliquera \u00e0 votre acc\u00e8s ou \u00e0 votre utilisation de ce site ou de cette application. Nous encourageons nos utilisateurs \u00e0 lire les d\u00e9clarations de confidentialit\u00e9 des autres sites web avant de les utiliser.<\/p>\n<p>VI. MODIFICATIONS DE NOTRE POLITIQUE DE CONFIDENTIALIT\u00c9<br \/>StoragePal se r\u00e9serve le droit de modifier cette politique et nos conditions d&rsquo;utilisation \u00e0 tout moment. Nous vous informerons de toute modification mat\u00e9rielle de notre politique de confidentialit\u00e9 en envoyant un avis \u00e0 l&rsquo;adresse \u00e9lectronique principale indiqu\u00e9e dans votre compte ou en pla\u00e7ant un avis bien visible sur notre site.Les modifications mat\u00e9rielles entreront en vigueur 30 jours apr\u00e8s cet avis. Les \u00e9l\u00e9ments qui ne sont pas modifi\u00e9s ou qui apportent des \u00e9claircissements prendront effet imm\u00e9diatement. Nous vous conseillons de consulter r\u00e9guli\u00e8rement le site et la pr\u00e9sente page sur la protection de la vie priv\u00e9e pour prendre connaissance des mises \u00e0 jour.<\/p>\n<p>VII. NOUS CONTACTER<br \/>Si vous avez des questions concernant cette politique de confidentialit\u00e9 ou les pratiques de ce site, veuillez nous contacter en envoyant un courriel \u00e0 : privacy@storagepal.fr<\/p>\n<p>[\/vc_column_text][\/vc_column][\/vc_row]<\/p>\n<\/section>","protected":false},"excerpt":{"rendered":"<p>[vc_row][vc_column][vc_column_text] Politique de confidentialit\u00e9 Vous trouverez ci-dessous une traduction automatique de notre politique de confidentialit\u00e9. Pour obtenir une version exacte, consultez la page en anglais. StoragePal s&rsquo;engage \u00e0 maintenir des garanties solides en mati\u00e8re de protection de la vie priv\u00e9e pour ses utilisateurs. Notre politique de confidentialit\u00e9 (ci-apr\u00e8s, \u00a0\u00bb Politique de confidentialit\u00e9 \u00ab\u00a0) est con\u00e7ue &hellip;<\/p>\n<p class=\"read-more\"> <a class=\"\" href=\"https:\/\/storagepal.fr\/fr\/politique-de-confidentialite\/\"> <span class=\"screen-reader-text\">Politique de confidentialit\u00e9<\/span> Lire la suite\u00a0\u00bb<\/a><\/p>\n","protected":false},"author":1,"featured_media":0,"parent":0,"menu_order":0,"comment_status":"closed","ping_status":"open","template":"","meta":{"content-type":"","site-sidebar-layout":"default","site-content-layout":"","ast-site-content-layout":"default","site-content-style":"default","site-sidebar-style":"default","ast-global-header-display":"","ast-banner-title-visibility":"","ast-main-header-display":"","ast-hfb-above-header-display":"","ast-hfb-below-header-display":"","ast-hfb-mobile-header-display":"","site-post-title":"","ast-breadcrumbs-content":"","ast-featured-img":"","footer-sml-layout":"","theme-transparent-header-meta":"default","adv-header-id-meta":"","stick-header-meta":"default","header-above-stick-meta":"","header-main-stick-meta":"","header-below-stick-meta":"","astra-migrate-meta-layouts":"set","footnotes":""},"tags":[],"class_list":["post-1762","page","type-page","status-publish","hentry"],"yoast_head":"<!-- This site is optimized with the Yoast SEO plugin v25.9 - https:\/\/yoast.com\/wordpress\/plugins\/seo\/ -->\n<title>Politique de confidentialit\u00e9 - StoragePal<\/title>\n<meta name=\"robots\" content=\"index, follow, max-snippet:-1, max-image-preview:large, max-video-preview:-1\" \/>\n<link rel=\"canonical\" href=\"https:\/\/storagepal.fr\/fr\/politique-de-confidentialite\/\" \/>\n<meta property=\"og:locale\" content=\"fr_FR\" \/>\n<meta property=\"og:type\" content=\"article\" \/>\n<meta property=\"og:title\" content=\"Politique de confidentialit\u00e9 - StoragePal\" \/>\n<meta property=\"og:description\" content=\"[vc_row][vc_column][vc_column_text] Politique de confidentialit\u00e9 Vous trouverez ci-dessous une traduction automatique de notre politique de confidentialit\u00e9. Pour obtenir une version exacte, consultez la page en anglais. StoragePal s&rsquo;engage \u00e0 maintenir des garanties solides en mati\u00e8re de protection de la vie priv\u00e9e pour ses utilisateurs. Notre politique de confidentialit\u00e9 (ci-apr\u00e8s, \u00a0\u00bb Politique de confidentialit\u00e9 \u00ab\u00a0) est con\u00e7ue &hellip; Politique de confidentialit\u00e9 Lire la suite\u00a0\u00bb\" \/>\n<meta property=\"og:url\" content=\"https:\/\/storagepal.fr\/fr\/politique-de-confidentialite\/\" \/>\n<meta property=\"og:site_name\" content=\"StoragePal\" \/>\n<meta property=\"article:modified_time\" content=\"2025-08-21T03:39:15+00:00\" \/>\n<meta name=\"twitter:card\" content=\"summary_large_image\" \/>\n<meta name=\"twitter:label1\" content=\"Dur\u00e9e de lecture estim\u00e9e\" \/>\n\t<meta name=\"twitter:data1\" content=\"11 minutes\" \/>\n<script type=\"application\/ld+json\" class=\"yoast-schema-graph\">{\"@context\":\"https:\/\/schema.org\",\"@graph\":[{\"@type\":\"WebPage\",\"@id\":\"https:\/\/storagepal.fr\/fr\/politique-de-confidentialite\/\",\"url\":\"https:\/\/storagepal.fr\/fr\/politique-de-confidentialite\/\",\"name\":\"Politique de confidentialit\u00e9 - StoragePal\",\"isPartOf\":{\"@id\":\"https:\/\/storagepal.fr\/#website\"},\"datePublished\":\"2023-08-21T07:41:02+00:00\",\"dateModified\":\"2025-08-21T03:39:15+00:00\",\"breadcrumb\":{\"@id\":\"https:\/\/storagepal.fr\/fr\/politique-de-confidentialite\/#breadcrumb\"},\"inLanguage\":\"fr-FR\",\"potentialAction\":[{\"@type\":\"ReadAction\",\"target\":[\"https:\/\/storagepal.fr\/fr\/politique-de-confidentialite\/\"]}]},{\"@type\":\"BreadcrumbList\",\"@id\":\"https:\/\/storagepal.fr\/fr\/politique-de-confidentialite\/#breadcrumb\",\"itemListElement\":[{\"@type\":\"ListItem\",\"position\":1,\"name\":\"Home\",\"item\":\"https:\/\/storagepal.fr\/fr\/\"},{\"@type\":\"ListItem\",\"position\":2,\"name\":\"Politique de confidentialit\u00e9\"}]},{\"@type\":\"WebSite\",\"@id\":\"https:\/\/storagepal.fr\/#website\",\"url\":\"https:\/\/storagepal.fr\/\",\"name\":\"StoragePal\",\"description\":\"\",\"publisher\":{\"@id\":\"https:\/\/storagepal.fr\/#organization\"},\"potentialAction\":[{\"@type\":\"SearchAction\",\"target\":{\"@type\":\"EntryPoint\",\"urlTemplate\":\"https:\/\/storagepal.fr\/?s={search_term_string}\"},\"query-input\":{\"@type\":\"PropertyValueSpecification\",\"valueRequired\":true,\"valueName\":\"search_term_string\"}}],\"inLanguage\":\"fr-FR\"},{\"@type\":\"Organization\",\"@id\":\"https:\/\/storagepal.fr\/#organization\",\"name\":\"StoragePal\",\"url\":\"https:\/\/storagepal.fr\/\",\"logo\":{\"@type\":\"ImageObject\",\"inLanguage\":\"fr-FR\",\"@id\":\"https:\/\/storagepal.fr\/#\/schema\/logo\/image\/\",\"url\":\"https:\/\/storagepal.fr\/wp-content\/uploads\/2023\/08\/storagepal-logo.png\",\"contentUrl\":\"https:\/\/storagepal.fr\/wp-content\/uploads\/2023\/08\/storagepal-logo.png\",\"width\":656,\"height\":193,\"caption\":\"StoragePal\"},\"image\":{\"@id\":\"https:\/\/storagepal.fr\/#\/schema\/logo\/image\/\"}}]}<\/script>\n<!-- \/ Yoast SEO plugin. -->","yoast_head_json":{"title":"Politique de confidentialit\u00e9 - StoragePal","robots":{"index":"index","follow":"follow","max-snippet":"max-snippet:-1","max-image-preview":"max-image-preview:large","max-video-preview":"max-video-preview:-1"},"canonical":"https:\/\/storagepal.fr\/fr\/politique-de-confidentialite\/","og_locale":"fr_FR","og_type":"article","og_title":"Politique de confidentialit\u00e9 - StoragePal","og_description":"[vc_row][vc_column][vc_column_text] Politique de confidentialit\u00e9 Vous trouverez ci-dessous une traduction automatique de notre politique de confidentialit\u00e9. Pour obtenir une version exacte, consultez la page en anglais. StoragePal s&rsquo;engage \u00e0 maintenir des garanties solides en mati\u00e8re de protection de la vie priv\u00e9e pour ses utilisateurs. Notre politique de confidentialit\u00e9 (ci-apr\u00e8s, \u00a0\u00bb Politique de confidentialit\u00e9 \u00ab\u00a0) est con\u00e7ue &hellip; Politique de confidentialit\u00e9 Lire la suite\u00a0\u00bb","og_url":"https:\/\/storagepal.fr\/fr\/politique-de-confidentialite\/","og_site_name":"StoragePal","article_modified_time":"2025-08-21T03:39:15+00:00","twitter_card":"summary_large_image","twitter_misc":{"Dur\u00e9e de lecture estim\u00e9e":"11 minutes"},"schema":{"@context":"https:\/\/schema.org","@graph":[{"@type":"WebPage","@id":"https:\/\/storagepal.fr\/fr\/politique-de-confidentialite\/","url":"https:\/\/storagepal.fr\/fr\/politique-de-confidentialite\/","name":"Politique de confidentialit\u00e9 - StoragePal","isPartOf":{"@id":"https:\/\/storagepal.fr\/#website"},"datePublished":"2023-08-21T07:41:02+00:00","dateModified":"2025-08-21T03:39:15+00:00","breadcrumb":{"@id":"https:\/\/storagepal.fr\/fr\/politique-de-confidentialite\/#breadcrumb"},"inLanguage":"fr-FR","potentialAction":[{"@type":"ReadAction","target":["https:\/\/storagepal.fr\/fr\/politique-de-confidentialite\/"]}]},{"@type":"BreadcrumbList","@id":"https:\/\/storagepal.fr\/fr\/politique-de-confidentialite\/#breadcrumb","itemListElement":[{"@type":"ListItem","position":1,"name":"Home","item":"https:\/\/storagepal.fr\/fr\/"},{"@type":"ListItem","position":2,"name":"Politique de confidentialit\u00e9"}]},{"@type":"WebSite","@id":"https:\/\/storagepal.fr\/#website","url":"https:\/\/storagepal.fr\/","name":"StoragePal","description":"","publisher":{"@id":"https:\/\/storagepal.fr\/#organization"},"potentialAction":[{"@type":"SearchAction","target":{"@type":"EntryPoint","urlTemplate":"https:\/\/storagepal.fr\/?s={search_term_string}"},"query-input":{"@type":"PropertyValueSpecification","valueRequired":true,"valueName":"search_term_string"}}],"inLanguage":"fr-FR"},{"@type":"Organization","@id":"https:\/\/storagepal.fr\/#organization","name":"StoragePal","url":"https:\/\/storagepal.fr\/","logo":{"@type":"ImageObject","inLanguage":"fr-FR","@id":"https:\/\/storagepal.fr\/#\/schema\/logo\/image\/","url":"https:\/\/storagepal.fr\/wp-content\/uploads\/2023\/08\/storagepal-logo.png","contentUrl":"https:\/\/storagepal.fr\/wp-content\/uploads\/2023\/08\/storagepal-logo.png","width":656,"height":193,"caption":"StoragePal"},"image":{"@id":"https:\/\/storagepal.fr\/#\/schema\/logo\/image\/"}}]}},"_links":{"self":[{"href":"https:\/\/storagepal.fr\/fr\/wp-json\/wp\/v2\/pages\/1762","targetHints":{"allow":["GET"]}}],"collection":[{"href":"https:\/\/storagepal.fr\/fr\/wp-json\/wp\/v2\/pages"}],"about":[{"href":"https:\/\/storagepal.fr\/fr\/wp-json\/wp\/v2\/types\/page"}],"author":[{"embeddable":true,"href":"https:\/\/storagepal.fr\/fr\/wp-json\/wp\/v2\/users\/1"}],"replies":[{"embeddable":true,"href":"https:\/\/storagepal.fr\/fr\/wp-json\/wp\/v2\/comments?post=1762"}],"version-history":[{"count":3,"href":"https:\/\/storagepal.fr\/fr\/wp-json\/wp\/v2\/pages\/1762\/revisions"}],"predecessor-version":[{"id":6247,"href":"https:\/\/storagepal.fr\/fr\/wp-json\/wp\/v2\/pages\/1762\/revisions\/6247"}],"wp:attachment":[{"href":"https:\/\/storagepal.fr\/fr\/wp-json\/wp\/v2\/media?parent=1762"}],"wp:term":[{"taxonomy":"post_tag","embeddable":true,"href":"https:\/\/storagepal.fr\/fr\/wp-json\/wp\/v2\/tags?post=1762"}],"curies":[{"name":"wp","href":"https:\/\/api.w.org\/{rel}","templated":true}]}}