{"id":1751,"date":"2023-09-10T05:42:08","date_gmt":"2023-09-10T05:42:08","guid":{"rendered":"https:\/\/storagepal.fr\/history\/"},"modified":"2025-08-06T12:02:36","modified_gmt":"2025-08-06T12:02:36","slug":"notre-histoire","status":"publish","type":"page","link":"https:\/\/storagepal.fr\/fr\/notre-histoire\/","title":{"rendered":"Notre Histoire"},"content":{"rendered":"<section class=\"wpb-content-wrapper\"><p>[vc_row el_class=\u00a0\u00bbmain-container\u00a0\u00bb css=\u00a0\u00bb.vc_custom_1693924006371{padding-bottom: 4em !important;}\u00a0\u00bb][vc_column css=\u00a0\u00bb.vc_custom_1694324241392{margin-top: 25px !important;}\u00a0\u00bb][vc_column_text]StoragePal est n\u00e9 d&rsquo;un constat simple : les citadins, qu&rsquo;ils soient particuliers ou professionnels, sont constamment \u00e0 la recherche d&rsquo;espace et d&rsquo;un coup de main lors de leurs d\u00e9m\u00e9nagements. Les solutions existantes \u00e9taient trop ch\u00e8res, insuffisamment s\u00e9curis\u00e9es ou ne proposaient pas de transport int\u00e9gr\u00e9 ou de gestion en ligne des objets stock\u00e9s.<\/p>\n<h3>2003 Nos d\u00e9buts<\/h3>\n<p>Notre \u00e9quipe a commenc\u00e9 \u00e0 d\u00e9velopper des centres de self-stockage physique \u00e0 Paris qui permettent aux particuliers et aux entreprises qui manquent d&rsquo;espace ou qui sont en train de d\u00e9m\u00e9nager de louer un espace s\u00e9curis\u00e9 pour stocker des cartons, des meubles, du mat\u00e9riel, et la plupart des choses de la maison ou du bureau.<\/p>\n<p>Au fil des ann\u00e9es, notre expertise s&rsquo;est d\u00e9velopp\u00e9e en France et en Europe.<\/p>\n<h3>2015 Stockage \u00e0 la demande<\/h3>\n<p>Face au manque de biens immobiliers adapt\u00e9s au c\u0153ur des m\u00e9tropoles, \u00e0 la technologie des t\u00e9l\u00e9phones intelligents et \u00e0 notre souci de d\u00e9veloppement urbain durable, nous avons lanc\u00e9 notre premier service de stockage \u00e0 la demande avec trois innovations majeures :<\/p>\n<h4><strong>1. Tarification \u00e0 l&rsquo;objet<\/strong><\/h4>\n<p>Ainsi, nos clients ne paient que le volume occup\u00e9, et non une unit\u00e9 de stockage \u00e0 moiti\u00e9 vide. Chaque fois qu&rsquo;ils retirent un objet, leur facture mensuelle diminue.<\/p>\n<h4><strong>2. Transport et manutention int\u00e9gr\u00e9s<\/strong><\/h4>\n<p>Le stockage traditionnel exige que les utilisateurs disposent d&rsquo;un v\u00e9hicule pour entreposer leurs biens. La plupart des citadins ne disposent pas d&rsquo;un v\u00e9hicule, n&rsquo;ont pas le temps ou l&rsquo;\u00e9nergie de transporter leurs biens vers et depuis un centre de stockage \u00e0 chaque fois qu&rsquo;ils en ont besoin.<\/p>\n<h4><strong>3. Stockage en rack<\/strong><\/h4>\n<p>Les espaces de stockage individuels sont pratiques mais extr\u00eamement inefficaces. Les utilisateurs remplissent rarement leur espace \u00e0 plus des deux tiers. Les terrains en centre-ville sont tr\u00e8s chers et il existe de nombreuses utilisations bien meilleures de l&rsquo;\u00e9norme espace requis pour les unit\u00e9s de stockage urbaines traditionnelles. Le stockage en rack (c&rsquo;est-\u00e0-dire sur des \u00e9tag\u00e8res de qualit\u00e9 industrielle) est beaucoup plus efficace car il densifie le stockage et le rend donc moins co\u00fbteux pour les utilisateurs.<\/p>\n<h4><strong>2019 Mon Espace<\/strong><\/h4>\n<p>StoragePal a lanc\u00e9 une nouvelle application qui rend l&rsquo;acc\u00e8s \u00e0 nos centres de stockage encore plus simple et efficace pour nos clients, particuliers et professionnels.<\/p>\n<h4><strong>Gestion en ligne<\/strong><\/h4>\n<p>Pour que nos clients puissent r\u00e9server un stockage et un transport en quelques clics, g\u00e9rer chaque objet de leur espace de stockage en ligne, importer des images de leurs meubles et du contenu de leurs cartons, r\u00e9diger une description des objets qu&rsquo;ils stockent et du contenu de chaque carton, r\u00e9server un transport aller-retour ou une visite pour d\u00e9poser, r\u00e9cup\u00e9rer, ou simplement sortir ou mettre un objet dans un carton d\u00e9j\u00e0 stock\u00e9.<\/p>\n<h4><strong>Plus d&rsquo;innovation<\/strong><\/h4>\n<p>Avant StoragePal, l&rsquo;exp\u00e9rience du stockage des objets de la maison ou du bureau avait peu \u00e9volu\u00e9 depuis les ann\u00e9es soixante. Il s&rsquo;agissait d&rsquo;une corv\u00e9e \u00e0 faire soi-m\u00eame le week-end, qui n\u00e9cessitait souvent la location d&rsquo;un v\u00e9hicule dans une course contre la montre et qui se terminait par des bleus et des courbatures \u00e0 force de porter des meubles et des cartons.<\/p>\n<p>Aujourd&rsquo;hui, StoragePal a mis le stockage urbain encore plus \u00e0 port\u00e9e de main et travaille chaque jour pour s&rsquo;assurer que d&rsquo;autres innovations sont en route.[\/vc_column_text][\/vc_column][\/vc_row][vc_row full_width=\u00a0\u00bbstretch_row\u00a0\u00bb equal_height=\u00a0\u00bbyes\u00a0\u00bb content_placement=\u00a0\u00bbmiddle\u00a0\u00bb css=\u00a0\u00bb.vc_custom_1693496054913{padding-top: 4em !important;padding-bottom: 4em !important;background-image: url(https:\/\/storagepal.fr\/wp-content\/uploads\/2023\/08\/blog-header.png?id=384) !important;background-position: center !important;background-repeat: no-repeat !important;background-size: cover !important;}\u00a0\u00bb][vc_column width=\u00a0\u00bb1\/2&Prime; css=\u00a0\u00bb.vc_custom_1693370142122{padding-top: 0px !important;}\u00a0\u00bb][vc_custom_heading text=\u00a0\u00bbStockez ches nous\u00a0\u00bb font_container=\u00a0\u00bbtag:h2|font_size:66px|text_align:left|color:%23ffffff|line_height:76px\u00a0\u00bb use_theme_fonts=\u00a0\u00bbyes\u00a0\u00bb el_class=\u00a0\u00bbwidth-title\u00a0\u00bb css=\u00a0\u00bb.vc_custom_1694764053611{margin-top: 0px !important;margin-bottom: 0px !important;padding-top: 0px !important;padding-bottom: 0px !important;}\u00a0\u00bb][\/vc_column][vc_column width=\u00a0\u00bb1\/2&Prime;][vc_raw_html el_class=\u00a0\u00bbtext-center\u00a0\u00bb]JTNDYSUyMHN0eWxlJTNEJTIydGV4dC1hbGlnbiUzQXJpZ2h0JTIyJTIwY2xhc3MlM0QlMjJidG4tMiUyMiUyMGhyZWYlM0QlMjIlMkZjb250YWN0JTIyJTIwdGFyZ2V0JTNEJTIyX3NlbGYlMjIlM0UlM0NkaXYlMjBzdHlsZSUzRCUyMmJhY2tncm91bmQlM0F3aGl0ZSUzQmNvbG9yJTNBYmxhY2slMjIlMjBjbGFzcyUzRCUyMmFzdC1jdXN0b20tYnV0dG9uJTIyJTNFT2J0ZW5pciUyMHVuJTIwZGV2aXMlMjBpbW0lQzMlQTlkaWF0JTNDJTJGZGl2JTNFJTNDJTJGYSUzRQ==[\/vc_raw_html][\/vc_column][\/vc_row]<\/p>\n<\/section>","protected":false},"excerpt":{"rendered":"<p>[vc_row el_class=\u00a0\u00bbmain-container\u00a0\u00bb css=\u00a0\u00bb.vc_custom_1693924006371{padding-bottom: 4em !important;}\u00a0\u00bb][vc_column css=\u00a0\u00bb.vc_custom_1694324241392{margin-top: 25px !important;}\u00a0\u00bb][vc_column_text]StoragePal est n\u00e9 d&rsquo;un constat simple : les citadins, qu&rsquo;ils soient particuliers ou professionnels, sont constamment \u00e0 la recherche d&rsquo;espace et d&rsquo;un coup de main lors de leurs d\u00e9m\u00e9nagements. Les solutions existantes \u00e9taient trop ch\u00e8res, insuffisamment s\u00e9curis\u00e9es ou ne proposaient pas de transport int\u00e9gr\u00e9 ou de gestion en &hellip;<\/p>\n<p class=\"read-more\"> <a class=\"\" href=\"https:\/\/storagepal.fr\/fr\/notre-histoire\/\"> <span class=\"screen-reader-text\">Notre Histoire<\/span> Lire la suite\u00a0\u00bb<\/a><\/p>\n","protected":false},"author":3,"featured_media":1813,"parent":0,"menu_order":0,"comment_status":"closed","ping_status":"closed","template":"","meta":{"content-type":"","site-sidebar-layout":"no-sidebar","site-content-layout":"plain-container","ast-site-content-layout":"default","site-content-style":"default","site-sidebar-style":"default","ast-global-header-display":"","ast-banner-title-visibility":"","ast-main-header-display":"","ast-hfb-above-header-display":"","ast-hfb-below-header-display":"","ast-hfb-mobile-header-display":"","site-post-title":"","ast-breadcrumbs-content":"","ast-featured-img":"","footer-sml-layout":"","theme-transparent-header-meta":"default","adv-header-id-meta":"","stick-header-meta":"default","header-above-stick-meta":"","header-main-stick-meta":"","header-below-stick-meta":"","astra-migrate-meta-layouts":"set","footnotes":""},"tags":[],"class_list":["post-1751","page","type-page","status-publish","has-post-thumbnail","hentry"],"yoast_head":"<!-- This site is optimized with the Yoast SEO plugin v25.9 - https:\/\/yoast.com\/wordpress\/plugins\/seo\/ -->\n<title>Notre Histoire - StoragePal<\/title>\n<meta name=\"robots\" content=\"index, follow, max-snippet:-1, max-image-preview:large, max-video-preview:-1\" \/>\n<link rel=\"canonical\" href=\"https:\/\/storagepal.fr\/fr\/notre-histoire\/\" \/>\n<meta property=\"og:locale\" content=\"fr_FR\" \/>\n<meta property=\"og:type\" content=\"article\" \/>\n<meta property=\"og:title\" content=\"Notre Histoire - StoragePal\" \/>\n<meta property=\"og:description\" content=\"[vc_row el_class=\u00a0\u00bbmain-container\u00a0\u00bb css=\u00a0\u00bb.vc_custom_1693924006371{padding-bottom: 4em !important;}\u00a0\u00bb][vc_column css=\u00a0\u00bb.vc_custom_1694324241392{margin-top: 25px !important;}\u00a0\u00bb][vc_column_text]StoragePal est n\u00e9 d&rsquo;un constat simple : les citadins, qu&rsquo;ils soient particuliers ou professionnels, sont constamment \u00e0 la recherche d&rsquo;espace et d&rsquo;un coup de main lors de leurs d\u00e9m\u00e9nagements. Les solutions existantes \u00e9taient trop ch\u00e8res, insuffisamment s\u00e9curis\u00e9es ou ne proposaient pas de transport int\u00e9gr\u00e9 ou de gestion en &hellip; Notre Histoire Lire la suite\u00a0\u00bb\" \/>\n<meta property=\"og:url\" content=\"https:\/\/storagepal.fr\/fr\/notre-histoire\/\" \/>\n<meta property=\"og:site_name\" content=\"StoragePal\" \/>\n<meta property=\"article:modified_time\" content=\"2025-08-06T12:02:36+00:00\" \/>\n<meta property=\"og:image\" content=\"https:\/\/storagepal.fr\/wp-content\/uploads\/2023\/09\/our-history-header.jpg\" \/>\n\t<meta property=\"og:image:width\" content=\"1500\" \/>\n\t<meta property=\"og:image:height\" content=\"350\" \/>\n\t<meta property=\"og:image:type\" content=\"image\/jpeg\" \/>\n<meta name=\"twitter:card\" content=\"summary_large_image\" \/>\n<meta name=\"twitter:label1\" content=\"Dur\u00e9e de lecture estim\u00e9e\" \/>\n\t<meta name=\"twitter:data1\" content=\"4 minutes\" \/>\n<script type=\"application\/ld+json\" class=\"yoast-schema-graph\">{\"@context\":\"https:\/\/schema.org\",\"@graph\":[{\"@type\":\"WebPage\",\"@id\":\"https:\/\/storagepal.fr\/fr\/notre-histoire\/\",\"url\":\"https:\/\/storagepal.fr\/fr\/notre-histoire\/\",\"name\":\"Notre Histoire - StoragePal\",\"isPartOf\":{\"@id\":\"https:\/\/storagepal.fr\/#website\"},\"primaryImageOfPage\":{\"@id\":\"https:\/\/storagepal.fr\/fr\/notre-histoire\/#primaryimage\"},\"image\":{\"@id\":\"https:\/\/storagepal.fr\/fr\/notre-histoire\/#primaryimage\"},\"thumbnailUrl\":\"https:\/\/storagepal.fr\/wp-content\/uploads\/2023\/09\/our-history-header.jpg\",\"datePublished\":\"2023-09-10T05:42:08+00:00\",\"dateModified\":\"2025-08-06T12:02:36+00:00\",\"breadcrumb\":{\"@id\":\"https:\/\/storagepal.fr\/fr\/notre-histoire\/#breadcrumb\"},\"inLanguage\":\"fr-FR\",\"potentialAction\":[{\"@type\":\"ReadAction\",\"target\":[\"https:\/\/storagepal.fr\/fr\/notre-histoire\/\"]}]},{\"@type\":\"ImageObject\",\"inLanguage\":\"fr-FR\",\"@id\":\"https:\/\/storagepal.fr\/fr\/notre-histoire\/#primaryimage\",\"url\":\"https:\/\/storagepal.fr\/wp-content\/uploads\/2023\/09\/our-history-header.jpg\",\"contentUrl\":\"https:\/\/storagepal.fr\/wp-content\/uploads\/2023\/09\/our-history-header.jpg\",\"width\":1500,\"height\":350},{\"@type\":\"BreadcrumbList\",\"@id\":\"https:\/\/storagepal.fr\/fr\/notre-histoire\/#breadcrumb\",\"itemListElement\":[{\"@type\":\"ListItem\",\"position\":1,\"name\":\"Home\",\"item\":\"https:\/\/storagepal.fr\/fr\/\"},{\"@type\":\"ListItem\",\"position\":2,\"name\":\"Notre Histoire\"}]},{\"@type\":\"WebSite\",\"@id\":\"https:\/\/storagepal.fr\/#website\",\"url\":\"https:\/\/storagepal.fr\/\",\"name\":\"StoragePal\",\"description\":\"\",\"publisher\":{\"@id\":\"https:\/\/storagepal.fr\/#organization\"},\"potentialAction\":[{\"@type\":\"SearchAction\",\"target\":{\"@type\":\"EntryPoint\",\"urlTemplate\":\"https:\/\/storagepal.fr\/?s={search_term_string}\"},\"query-input\":{\"@type\":\"PropertyValueSpecification\",\"valueRequired\":true,\"valueName\":\"search_term_string\"}}],\"inLanguage\":\"fr-FR\"},{\"@type\":\"Organization\",\"@id\":\"https:\/\/storagepal.fr\/#organization\",\"name\":\"StoragePal\",\"url\":\"https:\/\/storagepal.fr\/\",\"logo\":{\"@type\":\"ImageObject\",\"inLanguage\":\"fr-FR\",\"@id\":\"https:\/\/storagepal.fr\/#\/schema\/logo\/image\/\",\"url\":\"https:\/\/storagepal.fr\/wp-content\/uploads\/2023\/08\/storagepal-logo.png\",\"contentUrl\":\"https:\/\/storagepal.fr\/wp-content\/uploads\/2023\/08\/storagepal-logo.png\",\"width\":656,\"height\":193,\"caption\":\"StoragePal\"},\"image\":{\"@id\":\"https:\/\/storagepal.fr\/#\/schema\/logo\/image\/\"}}]}<\/script>\n<!-- \/ Yoast SEO plugin. -->","yoast_head_json":{"title":"Notre Histoire - StoragePal","robots":{"index":"index","follow":"follow","max-snippet":"max-snippet:-1","max-image-preview":"max-image-preview:large","max-video-preview":"max-video-preview:-1"},"canonical":"https:\/\/storagepal.fr\/fr\/notre-histoire\/","og_locale":"fr_FR","og_type":"article","og_title":"Notre Histoire - StoragePal","og_description":"[vc_row el_class=\u00a0\u00bbmain-container\u00a0\u00bb css=\u00a0\u00bb.vc_custom_1693924006371{padding-bottom: 4em !important;}\u00a0\u00bb][vc_column css=\u00a0\u00bb.vc_custom_1694324241392{margin-top: 25px !important;}\u00a0\u00bb][vc_column_text]StoragePal est n\u00e9 d&rsquo;un constat simple : les citadins, qu&rsquo;ils soient particuliers ou professionnels, sont constamment \u00e0 la recherche d&rsquo;espace et d&rsquo;un coup de main lors de leurs d\u00e9m\u00e9nagements. Les solutions existantes \u00e9taient trop ch\u00e8res, insuffisamment s\u00e9curis\u00e9es ou ne proposaient pas de transport int\u00e9gr\u00e9 ou de gestion en &hellip; Notre Histoire Lire la suite\u00a0\u00bb","og_url":"https:\/\/storagepal.fr\/fr\/notre-histoire\/","og_site_name":"StoragePal","article_modified_time":"2025-08-06T12:02:36+00:00","og_image":[{"width":1500,"height":350,"url":"https:\/\/storagepal.fr\/wp-content\/uploads\/2023\/09\/our-history-header.jpg","type":"image\/jpeg"}],"twitter_card":"summary_large_image","twitter_misc":{"Dur\u00e9e de lecture estim\u00e9e":"4 minutes"},"schema":{"@context":"https:\/\/schema.org","@graph":[{"@type":"WebPage","@id":"https:\/\/storagepal.fr\/fr\/notre-histoire\/","url":"https:\/\/storagepal.fr\/fr\/notre-histoire\/","name":"Notre Histoire - StoragePal","isPartOf":{"@id":"https:\/\/storagepal.fr\/#website"},"primaryImageOfPage":{"@id":"https:\/\/storagepal.fr\/fr\/notre-histoire\/#primaryimage"},"image":{"@id":"https:\/\/storagepal.fr\/fr\/notre-histoire\/#primaryimage"},"thumbnailUrl":"https:\/\/storagepal.fr\/wp-content\/uploads\/2023\/09\/our-history-header.jpg","datePublished":"2023-09-10T05:42:08+00:00","dateModified":"2025-08-06T12:02:36+00:00","breadcrumb":{"@id":"https:\/\/storagepal.fr\/fr\/notre-histoire\/#breadcrumb"},"inLanguage":"fr-FR","potentialAction":[{"@type":"ReadAction","target":["https:\/\/storagepal.fr\/fr\/notre-histoire\/"]}]},{"@type":"ImageObject","inLanguage":"fr-FR","@id":"https:\/\/storagepal.fr\/fr\/notre-histoire\/#primaryimage","url":"https:\/\/storagepal.fr\/wp-content\/uploads\/2023\/09\/our-history-header.jpg","contentUrl":"https:\/\/storagepal.fr\/wp-content\/uploads\/2023\/09\/our-history-header.jpg","width":1500,"height":350},{"@type":"BreadcrumbList","@id":"https:\/\/storagepal.fr\/fr\/notre-histoire\/#breadcrumb","itemListElement":[{"@type":"ListItem","position":1,"name":"Home","item":"https:\/\/storagepal.fr\/fr\/"},{"@type":"ListItem","position":2,"name":"Notre Histoire"}]},{"@type":"WebSite","@id":"https:\/\/storagepal.fr\/#website","url":"https:\/\/storagepal.fr\/","name":"StoragePal","description":"","publisher":{"@id":"https:\/\/storagepal.fr\/#organization"},"potentialAction":[{"@type":"SearchAction","target":{"@type":"EntryPoint","urlTemplate":"https:\/\/storagepal.fr\/?s={search_term_string}"},"query-input":{"@type":"PropertyValueSpecification","valueRequired":true,"valueName":"search_term_string"}}],"inLanguage":"fr-FR"},{"@type":"Organization","@id":"https:\/\/storagepal.fr\/#organization","name":"StoragePal","url":"https:\/\/storagepal.fr\/","logo":{"@type":"ImageObject","inLanguage":"fr-FR","@id":"https:\/\/storagepal.fr\/#\/schema\/logo\/image\/","url":"https:\/\/storagepal.fr\/wp-content\/uploads\/2023\/08\/storagepal-logo.png","contentUrl":"https:\/\/storagepal.fr\/wp-content\/uploads\/2023\/08\/storagepal-logo.png","width":656,"height":193,"caption":"StoragePal"},"image":{"@id":"https:\/\/storagepal.fr\/#\/schema\/logo\/image\/"}}]}},"_links":{"self":[{"href":"https:\/\/storagepal.fr\/fr\/wp-json\/wp\/v2\/pages\/1751","targetHints":{"allow":["GET"]}}],"collection":[{"href":"https:\/\/storagepal.fr\/fr\/wp-json\/wp\/v2\/pages"}],"about":[{"href":"https:\/\/storagepal.fr\/fr\/wp-json\/wp\/v2\/types\/page"}],"author":[{"embeddable":true,"href":"https:\/\/storagepal.fr\/fr\/wp-json\/wp\/v2\/users\/3"}],"replies":[{"embeddable":true,"href":"https:\/\/storagepal.fr\/fr\/wp-json\/wp\/v2\/comments?post=1751"}],"version-history":[{"count":5,"href":"https:\/\/storagepal.fr\/fr\/wp-json\/wp\/v2\/pages\/1751\/revisions"}],"predecessor-version":[{"id":5917,"href":"https:\/\/storagepal.fr\/fr\/wp-json\/wp\/v2\/pages\/1751\/revisions\/5917"}],"wp:featuredmedia":[{"embeddable":true,"href":"https:\/\/storagepal.fr\/fr\/wp-json\/wp\/v2\/media\/1813"}],"wp:attachment":[{"href":"https:\/\/storagepal.fr\/fr\/wp-json\/wp\/v2\/media?parent=1751"}],"wp:term":[{"taxonomy":"post_tag","embeddable":true,"href":"https:\/\/storagepal.fr\/fr\/wp-json\/wp\/v2\/tags?post=1751"}],"curies":[{"name":"wp","href":"https:\/\/api.w.org\/{rel}","templated":true}]}}