{"id":1750,"date":"2023-09-10T05:43:07","date_gmt":"2023-09-10T05:43:07","guid":{"rendered":"https:\/\/storagepal.fr\/how-to-use\/"},"modified":"2025-08-21T03:45:04","modified_gmt":"2025-08-21T03:45:04","slug":"comment-demander-un-retour","status":"publish","type":"page","link":"https:\/\/storagepal.fr\/fr\/comment-demander-un-retour\/","title":{"rendered":"Comment demander un retour"},"content":{"rendered":"<section class=\"wpb-content-wrapper\"><p>[vc_row el_class=\u00a0\u00bbmain-container\u00a0\u00bb css=\u00a0\u00bb.vc_custom_1693924006371{padding-bottom: 4em !important;}\u00a0\u00bb][vc_column][vc_custom_heading text=\u00a0\u00bbPr\u00eat \u00e0 stocker avec nous?\u00a0\u00bb font_container=\u00a0\u00bbtag:h2|font_size:46px|text_align:center|color:%23000000|line_height:56px\u00a0\u00bb use_theme_fonts=\u00a0\u00bbyes\u00a0\u00bb el_class=\u00a0\u00bbwidth-title\u00a0\u00bb css=\u00a0\u00bb.vc_custom_1694765588709{margin-top: 0px !important;margin-bottom: 0px !important;padding-top: 0px !important;padding-bottom: 0px !important;}\u00a0\u00bb][\/vc_column][\/vc_row][vc_row equal_height=\u00a0\u00bbyes\u00a0\u00bb content_placement=\u00a0\u00bbmiddle\u00a0\u00bb css=\u00a0\u00bb.vc_custom_1693923932302{margin-bottom: 0px !important;padding-bottom: 0px !important;}\u00a0\u00bb][vc_column width=\u00a0\u00bb1\/2&Prime;][vc_single_image image=\u00a0\u00bb1858&Prime; img_size=\u00a0\u00bbfull\u00a0\u00bb alignment=\u00a0\u00bbcenter\u00a0\u00bb][\/vc_column][vc_column width=\u00a0\u00bb1\/2&Prime; css=\u00a0\u00bb.vc_custom_1693923455642{padding-right: 2em !important;padding-left: 2em !important;}\u00a0\u00bb][vc_column_text]<\/p>\n<div class=\"pure-g\">\n<div class=\"pure-u-1 pure-u-md-1-2\">\n<div class=\"text-content\">\n<h2><strong>Visiter<\/strong><\/h2>\n<p class=\"text\">Vous pouvez visiter vos articles gratuitement, il vous suffit de faire une r\u00e9servation en ligne dans votre compte au minimum 48h avant du lundi au vendredi ou 3 jours avant pour le samedi.<\/p>\n<\/div>\n<\/div>\n<\/div>\n<p>[\/vc_column_text][\/vc_column][\/vc_row][vc_row content_placement=\u00a0\u00bbmiddle\u00a0\u00bb css=\u00a0\u00bb.vc_custom_1693924235608{margin-bottom: 0px !important;padding-bottom: 0px !important;}\u00a0\u00bb][vc_column width=\u00a0\u00bb1\/2&Prime; css=\u00a0\u00bb.vc_custom_1693923465885{padding-right: 2em !important;padding-left: 2em !important;}\u00a0\u00bb][vc_column_text]<\/p>\n<h3 class=\"title\">Ajouter ou retourner un article<\/h3>\n<p class=\"text\">Vous pouvez le faire en ligne dans votre compte, il suffit de r\u00e9server au minimum 48h \u00e0 l\u2019avance du lundi au vendredi ou au minimum 3 jours \u00e0 l\u2019avance pour le samedi.<\/p>\n<p>[\/vc_column_text][\/vc_column][vc_column width=\u00a0\u00bb1\/2&Prime;][vc_single_image image=\u00a0\u00bb1861&Prime; img_size=\u00a0\u00bbfull\u00a0\u00bb alignment=\u00a0\u00bbcenter\u00a0\u00bb][\/vc_column][\/vc_row][vc_row equal_height=\u00a0\u00bbyes\u00a0\u00bb content_placement=\u00a0\u00bbmiddle\u00a0\u00bb css=\u00a0\u00bb.vc_custom_1693923565300{margin-bottom: 2em !important;}\u00a0\u00bb][vc_column width=\u00a0\u00bb1\/2&Prime;][vc_single_image image=\u00a0\u00bb1863&Prime; img_size=\u00a0\u00bbfull\u00a0\u00bb alignment=\u00a0\u00bbcenter\u00a0\u00bb][\/vc_column][vc_column width=\u00a0\u00bb1\/2&Prime; css=\u00a0\u00bb.vc_custom_1693923477765{padding-right: 2em !important;padding-left: 2em !important;}\u00a0\u00bb][vc_column_text]<\/p>\n<h2>Paiement<\/h2>\n<section id=\"\" class=\" two-col-img-text-how-it-works\">\n<div class=\"container\">\n<div class=\"content-wrapper\">\n<div class=\"pure-g\">\n<div class=\"pure-u-1 pure-u-md-1-2\">\n<div class=\"text-content\">\n<p class=\"text\">Vous serez factur\u00e9 en fonction des articles laiss\u00e9s en stock sur une base mensuelle. Si votre banque vous demande d\u2019authentifier votre paiement, nous vous enverrons un e-mail. Veillez \u00e0 authentifier votre paiement chaque mois, sinon des frais de retard seront appliqu\u00e9s. V\u00e9rifiez votre dossier spam si vous ne recevez pas nos rappels de paiement.<\/p>\n<\/div>\n<\/div>\n<\/div>\n<\/div>\n<\/div>\n<\/section>\n<p>[\/vc_column_text][\/vc_column][\/vc_row][vc_row full_width=\u00a0\u00bbstretch_row\u00a0\u00bb equal_height=\u00a0\u00bbyes\u00a0\u00bb content_placement=\u00a0\u00bbmiddle\u00a0\u00bb css=\u00a0\u00bb.vc_custom_1693496054913{padding-top: 4em !important;padding-bottom: 4em !important;background-image: url(https:\/\/storagepal.fr\/wp-content\/uploads\/2023\/08\/blog-header.png?id=384) !important;background-position: center !important;background-repeat: no-repeat !important;background-size: cover !important;}\u00a0\u00bb][vc_column width=\u00a0\u00bb1\/2&Prime; css=\u00a0\u00bb.vc_custom_1693370142122{padding-top: 0px !important;}\u00a0\u00bb][vc_custom_heading text=\u00a0\u00bbStockez chez nous\u00a0\u00bb font_container=\u00a0\u00bbtag:h2|font_size:66px|text_align:left|color:%23ffffff|line_height:76px\u00a0\u00bb use_theme_fonts=\u00a0\u00bbyes\u00a0\u00bb el_class=\u00a0\u00bbwidth-title\u00a0\u00bb css=\u00a0\u00bb.vc_custom_1754407139895{margin-top: 0px !important;margin-bottom: 0px !important;padding-top: 0px !important;padding-bottom: 0px !important;}\u00a0\u00bb][\/vc_column][vc_column width=\u00a0\u00bb1\/2&Prime;][vc_raw_html el_class=\u00a0\u00bbtext-center\u00a0\u00bb]JTNDYSUyMHN0eWxlJTNEJTIydGV4dC1hbGlnbiUzQXJpZ2h0JTIyJTIwY2xhc3MlM0QlMjJidG4tMiUyMiUyMGhyZWYlM0QlMjIlMkZjb250YWN0JTIyJTIwdGFyZ2V0JTNEJTIyX3NlbGYlMjIlM0UlM0NkaXYlMjBzdHlsZSUzRCUyMmJhY2tncm91bmQlM0F3aGl0ZSUzQmNvbG9yJTNBYmxhY2slMjIlMjBjbGFzcyUzRCUyMmFzdC1jdXN0b20tYnV0dG9uJTIyJTNFT2J0ZW5pciUyMHVuJTIwZGV2aXMlMjBpbW0lQzMlQTlkaWF0JTNDJTJGZGl2JTNFJTNDJTJGYSUzRQ==[\/vc_raw_html][\/vc_column][\/vc_row]<\/p>\n<\/section>","protected":false},"excerpt":{"rendered":"<p>[vc_row el_class=\u00a0\u00bbmain-container\u00a0\u00bb css=\u00a0\u00bb.vc_custom_1693924006371{padding-bottom: 4em !important;}\u00a0\u00bb][vc_column][vc_custom_heading text=\u00a0\u00bbPr\u00eat \u00e0 stocker avec nous?\u00a0\u00bb font_container=\u00a0\u00bbtag:h2|font_size:46px|text_align:center|color:%23000000|line_height:56px\u00a0\u00bb use_theme_fonts=\u00a0\u00bbyes\u00a0\u00bb el_class=\u00a0\u00bbwidth-title\u00a0\u00bb css=\u00a0\u00bb.vc_custom_1694765588709{margin-top: 0px !important;margin-bottom: 0px !important;padding-top: 0px !important;padding-bottom: 0px !important;}\u00a0\u00bb][\/vc_column][\/vc_row][vc_row equal_height=\u00a0\u00bbyes\u00a0\u00bb content_placement=\u00a0\u00bbmiddle\u00a0\u00bb css=\u00a0\u00bb.vc_custom_1693923932302{margin-bottom: 0px !important;padding-bottom: 0px !important;}\u00a0\u00bb][vc_column width=\u00a0\u00bb1\/2&Prime;][vc_single_image image=\u00a0\u00bb1858&Prime; img_size=\u00a0\u00bbfull\u00a0\u00bb alignment=\u00a0\u00bbcenter\u00a0\u00bb][\/vc_column][vc_column width=\u00a0\u00bb1\/2&Prime; css=\u00a0\u00bb.vc_custom_1693923455642{padding-right: 2em !important;padding-left: 2em !important;}\u00a0\u00bb][vc_column_text] Visiter Vous pouvez visiter vos articles gratuitement, il vous suffit de faire une r\u00e9servation en ligne &hellip;<\/p>\n<p class=\"read-more\"> <a class=\"\" href=\"https:\/\/storagepal.fr\/fr\/comment-demander-un-retour\/\"> <span class=\"screen-reader-text\">Comment demander un retour<\/span> Lire la suite\u00a0\u00bb<\/a><\/p>\n","protected":false},"author":3,"featured_media":2136,"parent":0,"menu_order":0,"comment_status":"closed","ping_status":"closed","template":"","meta":{"content-type":"","site-sidebar-layout":"no-sidebar","site-content-layout":"plain-container","ast-site-content-layout":"default","site-content-style":"default","site-sidebar-style":"default","ast-global-header-display":"","ast-banner-title-visibility":"","ast-main-header-display":"","ast-hfb-above-header-display":"","ast-hfb-below-header-display":"","ast-hfb-mobile-header-display":"","site-post-title":"","ast-breadcrumbs-content":"","ast-featured-img":"","footer-sml-layout":"","theme-transparent-header-meta":"default","adv-header-id-meta":"","stick-header-meta":"default","header-above-stick-meta":"","header-main-stick-meta":"","header-below-stick-meta":"","astra-migrate-meta-layouts":"set","footnotes":""},"tags":[],"class_list":["post-1750","page","type-page","status-publish","has-post-thumbnail","hentry"],"yoast_head":"<!-- This site is optimized with the Yoast SEO plugin v25.9 - https:\/\/yoast.com\/wordpress\/plugins\/seo\/ -->\n<title>Comment demander un retour - StoragePal<\/title>\n<meta name=\"robots\" content=\"index, follow, max-snippet:-1, max-image-preview:large, max-video-preview:-1\" \/>\n<link rel=\"canonical\" href=\"https:\/\/storagepal.fr\/fr\/comment-demander-un-retour\/\" \/>\n<meta property=\"og:locale\" content=\"fr_FR\" \/>\n<meta property=\"og:type\" content=\"article\" \/>\n<meta property=\"og:title\" content=\"Comment demander un retour - StoragePal\" \/>\n<meta property=\"og:description\" content=\"[vc_row el_class=\u00a0\u00bbmain-container\u00a0\u00bb css=\u00a0\u00bb.vc_custom_1693924006371{padding-bottom: 4em !important;}\u00a0\u00bb][vc_column][vc_custom_heading text=\u00a0\u00bbPr\u00eat \u00e0 stocker avec nous?\u00a0\u00bb font_container=\u00a0\u00bbtag:h2|font_size:46px|text_align:center|color:%23000000|line_height:56px\u00a0\u00bb use_theme_fonts=\u00a0\u00bbyes\u00a0\u00bb el_class=\u00a0\u00bbwidth-title\u00a0\u00bb css=\u00a0\u00bb.vc_custom_1694765588709{margin-top: 0px !important;margin-bottom: 0px !important;padding-top: 0px !important;padding-bottom: 0px !important;}\u00a0\u00bb][\/vc_column][\/vc_row][vc_row equal_height=\u00a0\u00bbyes\u00a0\u00bb content_placement=\u00a0\u00bbmiddle\u00a0\u00bb css=\u00a0\u00bb.vc_custom_1693923932302{margin-bottom: 0px !important;padding-bottom: 0px !important;}\u00a0\u00bb][vc_column width=\u00a0\u00bb1\/2&Prime;][vc_single_image image=\u00a0\u00bb1858&Prime; img_size=\u00a0\u00bbfull\u00a0\u00bb alignment=\u00a0\u00bbcenter\u00a0\u00bb][\/vc_column][vc_column width=\u00a0\u00bb1\/2&Prime; css=\u00a0\u00bb.vc_custom_1693923455642{padding-right: 2em !important;padding-left: 2em !important;}\u00a0\u00bb][vc_column_text] Visiter Vous pouvez visiter vos articles gratuitement, il vous suffit de faire une r\u00e9servation en ligne &hellip; Comment demander un retour Lire la suite\u00a0\u00bb\" \/>\n<meta property=\"og:url\" content=\"https:\/\/storagepal.fr\/fr\/comment-demander-un-retour\/\" \/>\n<meta property=\"og:site_name\" content=\"StoragePal\" \/>\n<meta property=\"article:modified_time\" content=\"2025-08-21T03:45:04+00:00\" \/>\n<meta property=\"og:image\" content=\"https:\/\/storagepal.fr\/wp-content\/uploads\/2023\/09\/order-a-return-header.jpg\" \/>\n\t<meta property=\"og:image:width\" content=\"1500\" \/>\n\t<meta property=\"og:image:height\" content=\"350\" \/>\n\t<meta property=\"og:image:type\" content=\"image\/jpeg\" \/>\n<meta name=\"twitter:card\" content=\"summary_large_image\" \/>\n<meta name=\"twitter:label1\" content=\"Dur\u00e9e de lecture estim\u00e9e\" \/>\n\t<meta name=\"twitter:data1\" content=\"2 minutes\" \/>\n<script type=\"application\/ld+json\" class=\"yoast-schema-graph\">{\"@context\":\"https:\/\/schema.org\",\"@graph\":[{\"@type\":\"WebPage\",\"@id\":\"https:\/\/storagepal.fr\/fr\/comment-demander-un-retour\/\",\"url\":\"https:\/\/storagepal.fr\/fr\/comment-demander-un-retour\/\",\"name\":\"Comment demander un retour - StoragePal\",\"isPartOf\":{\"@id\":\"https:\/\/storagepal.fr\/#website\"},\"primaryImageOfPage\":{\"@id\":\"https:\/\/storagepal.fr\/fr\/comment-demander-un-retour\/#primaryimage\"},\"image\":{\"@id\":\"https:\/\/storagepal.fr\/fr\/comment-demander-un-retour\/#primaryimage\"},\"thumbnailUrl\":\"https:\/\/storagepal.fr\/wp-content\/uploads\/2023\/09\/order-a-return-header.jpg\",\"datePublished\":\"2023-09-10T05:43:07+00:00\",\"dateModified\":\"2025-08-21T03:45:04+00:00\",\"breadcrumb\":{\"@id\":\"https:\/\/storagepal.fr\/fr\/comment-demander-un-retour\/#breadcrumb\"},\"inLanguage\":\"fr-FR\",\"potentialAction\":[{\"@type\":\"ReadAction\",\"target\":[\"https:\/\/storagepal.fr\/fr\/comment-demander-un-retour\/\"]}]},{\"@type\":\"ImageObject\",\"inLanguage\":\"fr-FR\",\"@id\":\"https:\/\/storagepal.fr\/fr\/comment-demander-un-retour\/#primaryimage\",\"url\":\"https:\/\/storagepal.fr\/wp-content\/uploads\/2023\/09\/order-a-return-header.jpg\",\"contentUrl\":\"https:\/\/storagepal.fr\/wp-content\/uploads\/2023\/09\/order-a-return-header.jpg\",\"width\":1500,\"height\":350},{\"@type\":\"BreadcrumbList\",\"@id\":\"https:\/\/storagepal.fr\/fr\/comment-demander-un-retour\/#breadcrumb\",\"itemListElement\":[{\"@type\":\"ListItem\",\"position\":1,\"name\":\"Home\",\"item\":\"https:\/\/storagepal.fr\/fr\/\"},{\"@type\":\"ListItem\",\"position\":2,\"name\":\"Comment demander un retour\"}]},{\"@type\":\"WebSite\",\"@id\":\"https:\/\/storagepal.fr\/#website\",\"url\":\"https:\/\/storagepal.fr\/\",\"name\":\"StoragePal\",\"description\":\"\",\"publisher\":{\"@id\":\"https:\/\/storagepal.fr\/#organization\"},\"potentialAction\":[{\"@type\":\"SearchAction\",\"target\":{\"@type\":\"EntryPoint\",\"urlTemplate\":\"https:\/\/storagepal.fr\/?s={search_term_string}\"},\"query-input\":{\"@type\":\"PropertyValueSpecification\",\"valueRequired\":true,\"valueName\":\"search_term_string\"}}],\"inLanguage\":\"fr-FR\"},{\"@type\":\"Organization\",\"@id\":\"https:\/\/storagepal.fr\/#organization\",\"name\":\"StoragePal\",\"url\":\"https:\/\/storagepal.fr\/\",\"logo\":{\"@type\":\"ImageObject\",\"inLanguage\":\"fr-FR\",\"@id\":\"https:\/\/storagepal.fr\/#\/schema\/logo\/image\/\",\"url\":\"https:\/\/storagepal.fr\/wp-content\/uploads\/2023\/08\/storagepal-logo.png\",\"contentUrl\":\"https:\/\/storagepal.fr\/wp-content\/uploads\/2023\/08\/storagepal-logo.png\",\"width\":656,\"height\":193,\"caption\":\"StoragePal\"},\"image\":{\"@id\":\"https:\/\/storagepal.fr\/#\/schema\/logo\/image\/\"}}]}<\/script>\n<!-- \/ Yoast SEO plugin. -->","yoast_head_json":{"title":"Comment demander un retour - StoragePal","robots":{"index":"index","follow":"follow","max-snippet":"max-snippet:-1","max-image-preview":"max-image-preview:large","max-video-preview":"max-video-preview:-1"},"canonical":"https:\/\/storagepal.fr\/fr\/comment-demander-un-retour\/","og_locale":"fr_FR","og_type":"article","og_title":"Comment demander un retour - StoragePal","og_description":"[vc_row el_class=\u00a0\u00bbmain-container\u00a0\u00bb css=\u00a0\u00bb.vc_custom_1693924006371{padding-bottom: 4em !important;}\u00a0\u00bb][vc_column][vc_custom_heading text=\u00a0\u00bbPr\u00eat \u00e0 stocker avec nous?\u00a0\u00bb font_container=\u00a0\u00bbtag:h2|font_size:46px|text_align:center|color:%23000000|line_height:56px\u00a0\u00bb use_theme_fonts=\u00a0\u00bbyes\u00a0\u00bb el_class=\u00a0\u00bbwidth-title\u00a0\u00bb css=\u00a0\u00bb.vc_custom_1694765588709{margin-top: 0px !important;margin-bottom: 0px !important;padding-top: 0px !important;padding-bottom: 0px !important;}\u00a0\u00bb][\/vc_column][\/vc_row][vc_row equal_height=\u00a0\u00bbyes\u00a0\u00bb content_placement=\u00a0\u00bbmiddle\u00a0\u00bb css=\u00a0\u00bb.vc_custom_1693923932302{margin-bottom: 0px !important;padding-bottom: 0px !important;}\u00a0\u00bb][vc_column width=\u00a0\u00bb1\/2&Prime;][vc_single_image image=\u00a0\u00bb1858&Prime; img_size=\u00a0\u00bbfull\u00a0\u00bb alignment=\u00a0\u00bbcenter\u00a0\u00bb][\/vc_column][vc_column width=\u00a0\u00bb1\/2&Prime; css=\u00a0\u00bb.vc_custom_1693923455642{padding-right: 2em !important;padding-left: 2em !important;}\u00a0\u00bb][vc_column_text] Visiter Vous pouvez visiter vos articles gratuitement, il vous suffit de faire une r\u00e9servation en ligne &hellip; Comment demander un retour Lire la suite\u00a0\u00bb","og_url":"https:\/\/storagepal.fr\/fr\/comment-demander-un-retour\/","og_site_name":"StoragePal","article_modified_time":"2025-08-21T03:45:04+00:00","og_image":[{"width":1500,"height":350,"url":"https:\/\/storagepal.fr\/wp-content\/uploads\/2023\/09\/order-a-return-header.jpg","type":"image\/jpeg"}],"twitter_card":"summary_large_image","twitter_misc":{"Dur\u00e9e de lecture estim\u00e9e":"2 minutes"},"schema":{"@context":"https:\/\/schema.org","@graph":[{"@type":"WebPage","@id":"https:\/\/storagepal.fr\/fr\/comment-demander-un-retour\/","url":"https:\/\/storagepal.fr\/fr\/comment-demander-un-retour\/","name":"Comment demander un retour - StoragePal","isPartOf":{"@id":"https:\/\/storagepal.fr\/#website"},"primaryImageOfPage":{"@id":"https:\/\/storagepal.fr\/fr\/comment-demander-un-retour\/#primaryimage"},"image":{"@id":"https:\/\/storagepal.fr\/fr\/comment-demander-un-retour\/#primaryimage"},"thumbnailUrl":"https:\/\/storagepal.fr\/wp-content\/uploads\/2023\/09\/order-a-return-header.jpg","datePublished":"2023-09-10T05:43:07+00:00","dateModified":"2025-08-21T03:45:04+00:00","breadcrumb":{"@id":"https:\/\/storagepal.fr\/fr\/comment-demander-un-retour\/#breadcrumb"},"inLanguage":"fr-FR","potentialAction":[{"@type":"ReadAction","target":["https:\/\/storagepal.fr\/fr\/comment-demander-un-retour\/"]}]},{"@type":"ImageObject","inLanguage":"fr-FR","@id":"https:\/\/storagepal.fr\/fr\/comment-demander-un-retour\/#primaryimage","url":"https:\/\/storagepal.fr\/wp-content\/uploads\/2023\/09\/order-a-return-header.jpg","contentUrl":"https:\/\/storagepal.fr\/wp-content\/uploads\/2023\/09\/order-a-return-header.jpg","width":1500,"height":350},{"@type":"BreadcrumbList","@id":"https:\/\/storagepal.fr\/fr\/comment-demander-un-retour\/#breadcrumb","itemListElement":[{"@type":"ListItem","position":1,"name":"Home","item":"https:\/\/storagepal.fr\/fr\/"},{"@type":"ListItem","position":2,"name":"Comment demander un retour"}]},{"@type":"WebSite","@id":"https:\/\/storagepal.fr\/#website","url":"https:\/\/storagepal.fr\/","name":"StoragePal","description":"","publisher":{"@id":"https:\/\/storagepal.fr\/#organization"},"potentialAction":[{"@type":"SearchAction","target":{"@type":"EntryPoint","urlTemplate":"https:\/\/storagepal.fr\/?s={search_term_string}"},"query-input":{"@type":"PropertyValueSpecification","valueRequired":true,"valueName":"search_term_string"}}],"inLanguage":"fr-FR"},{"@type":"Organization","@id":"https:\/\/storagepal.fr\/#organization","name":"StoragePal","url":"https:\/\/storagepal.fr\/","logo":{"@type":"ImageObject","inLanguage":"fr-FR","@id":"https:\/\/storagepal.fr\/#\/schema\/logo\/image\/","url":"https:\/\/storagepal.fr\/wp-content\/uploads\/2023\/08\/storagepal-logo.png","contentUrl":"https:\/\/storagepal.fr\/wp-content\/uploads\/2023\/08\/storagepal-logo.png","width":656,"height":193,"caption":"StoragePal"},"image":{"@id":"https:\/\/storagepal.fr\/#\/schema\/logo\/image\/"}}]}},"_links":{"self":[{"href":"https:\/\/storagepal.fr\/fr\/wp-json\/wp\/v2\/pages\/1750","targetHints":{"allow":["GET"]}}],"collection":[{"href":"https:\/\/storagepal.fr\/fr\/wp-json\/wp\/v2\/pages"}],"about":[{"href":"https:\/\/storagepal.fr\/fr\/wp-json\/wp\/v2\/types\/page"}],"author":[{"embeddable":true,"href":"https:\/\/storagepal.fr\/fr\/wp-json\/wp\/v2\/users\/3"}],"replies":[{"embeddable":true,"href":"https:\/\/storagepal.fr\/fr\/wp-json\/wp\/v2\/comments?post=1750"}],"version-history":[{"count":4,"href":"https:\/\/storagepal.fr\/fr\/wp-json\/wp\/v2\/pages\/1750\/revisions"}],"predecessor-version":[{"id":6248,"href":"https:\/\/storagepal.fr\/fr\/wp-json\/wp\/v2\/pages\/1750\/revisions\/6248"}],"wp:featuredmedia":[{"embeddable":true,"href":"https:\/\/storagepal.fr\/fr\/wp-json\/wp\/v2\/media\/2136"}],"wp:attachment":[{"href":"https:\/\/storagepal.fr\/fr\/wp-json\/wp\/v2\/media?parent=1750"}],"wp:term":[{"taxonomy":"post_tag","embeddable":true,"href":"https:\/\/storagepal.fr\/fr\/wp-json\/wp\/v2\/tags?post=1750"}],"curies":[{"name":"wp","href":"https:\/\/api.w.org\/{rel}","templated":true}]}}