{"id":1748,"date":"2023-09-10T05:44:47","date_gmt":"2023-09-10T05:44:47","guid":{"rendered":"https:\/\/storagepal.fr\/how-it-works\/"},"modified":"2023-11-03T09:58:00","modified_gmt":"2023-11-03T09:58:00","slug":"how-it-works","status":"publish","type":"page","link":"https:\/\/storagepal.fr\/fr\/how-it-works\/","title":{"rendered":"Comment \u00e7a marche"},"content":{"rendered":"<section class=\"wpb-content-wrapper\"><p>[vc_row el_class=\u00a0\u00bbmain-container\u00a0\u00bb css=\u00a0\u00bb.vc_custom_1693924006371{padding-bottom: 4em !important;}\u00a0\u00bb][vc_column css=\u00a0\u00bb.vc_custom_1694324241392{margin-top: 25px !important;}\u00a0\u00bb][vc_column_text]Avec StoragePal, louer un espace de stockage n&rsquo;a jamais \u00e9t\u00e9 aussi simple.<\/p>\n<p>Il vous suffit de s\u00e9lectionner vos articles dans notre catalogue pour remplir votre espace personnalis\u00e9.<\/p>\n<p>Vous n&rsquo;\u00eates pas s\u00fbr du nombre d&rsquo;articles ? Pas de soucis, ajoutez ou retirez des articles jusqu&rsquo;\u00e0 la date de votre r\u00e9servation, nous ajusterons votre commande \u00e0 l&rsquo;arriv\u00e9e dans notre centre de stockage et vous rembourserons imm\u00e9diatement les articles non re\u00e7us.<\/p>\n<p>Vous n&rsquo;\u00eates pas s\u00fbr des dimensions ? Les petites diff\u00e9rences ne changent rien au prix.<\/p>\n<p>Vous ne trouvez pas votre article ? Cliquez sur un article de m\u00eames dimensions et poids ou cr\u00e9ez-en un vous-m\u00eame sur notre page catalogue.<\/p>\n<p>Magasin \u00e0 partir de deux articles (10 \u20ac) par mois. Enlevez un article et votre paiement mensuel diminue.<\/p>\n<p>R\u00e9servez un enl\u00e8vement (gratuit \u00e0 partir de 4 articles) ou un retour \u00e0 partir de 15 \u20ac. Ou venez vous-m\u00eame d\u00e9poser, r\u00e9cup\u00e9rer ou fouiller dans vos affaires.<\/p>\n<p>Plus besoin de payer pour une unit\u00e9 de stockage \u00e0 moiti\u00e9 remplie. Chez StoragePal, vous ne payez que le volume de vos articles.<\/p>\n<p>Vos articles sont stock\u00e9s dans notre centre de stockage s\u00e9curis\u00e9 o\u00f9 seul le personnel a acc\u00e8s \u00e0 la zone de stockage.<\/p>\n<p>Consultez vos articles en ligne, ajoutez des images et des descriptions, g\u00e9rez vos r\u00e9servations de stockage et de transport \u00e0 chaque fois que vous d\u00e9m\u00e9nagez, r\u00e9am\u00e9nagez, vous expatriez, sous-louez votre logement ou votre bureau, ou que vous souhaitez simplement faire de la place, ranger vos v\u00eatements d&rsquo;hiver ou changer de d\u00e9coration saisonni\u00e8re.<\/p>\n<p>StoragePal rend la vie urbaine et le travail plus agr\u00e9ables.[\/vc_column_text][vc_custom_heading text=\u00a0\u00bbEt dans la pratique?\u00a0\u00bb font_container=\u00a0\u00bbtag:h3|font_size:46px|text_align:center|color:%23000000|line_height:56px\u00a0\u00bb use_theme_fonts=\u00a0\u00bbyes\u00a0\u00bb el_class=\u00a0\u00bbwidth-title\u00a0\u00bb css=\u00a0\u00bb.vc_custom_1694765999945{margin-top: 0px !important;margin-bottom: 0px !important;padding-top: 0px !important;padding-bottom: 0px !important;}\u00a0\u00bb][vc_column_text]Rien n&rsquo;est plus simple.<\/p>\n<ol>\n<li>S\u00e9lectionnez dans notre catalogue les objets que vous souhaitez stocker. Vous ne trouvez pas votre article ? Cr\u00e9ez-en un directement dans le catalogue en entrant les dimensions, votre prix sera sur mesure!<\/li>\n<li>S\u00e9lectionnez votre mode de transport : voulez-vous que nous nous chargions de r\u00e9cup\u00e9rer vos biens ? Ou souhaitez-vous les d\u00e9poser ?<\/li>\n<li>S\u00e9lectionnez la date et l&rsquo;heure de votre rendez-vous avec notre partenaire de transport ou dans notre entrep\u00f4t.<\/li>\n<li>N&rsquo;oubliez pas de saisir votre code promotionnel ! N&rsquo;h\u00e9sitez pas \u00e0 nous appeler \u00e0 ce sujet, nous avons toujours des offres int\u00e9ressantes pour vous<\/li>\n<li>Jusqu&rsquo;\u00e0 la date de r\u00e9servation, vous pouvez facilement ajouter ou retirer des articles en utilisant le m\u00eame processus, au cas o\u00f9 vous seriez encore en train d&#8217;emballer!<\/li>\n<li>Confirmez votre r\u00e9servation, vous recevrez les \u00e9tiquettes de transport \u00e0 coller sur les articles si vous souhaitez importer des images et personnaliser vos articles avec des descriptions. Sinon, notre partenaire de transport s&rsquo;en chargera et vous aurez toujours la possibilit\u00e9 de le faire lorsque vos biens seront en stock.<\/li>\n<\/ol>\n<p>[\/vc_column_text][\/vc_column][\/vc_row][vc_row full_width=\u00a0\u00bbstretch_row\u00a0\u00bb equal_height=\u00a0\u00bbyes\u00a0\u00bb content_placement=\u00a0\u00bbmiddle\u00a0\u00bb css=\u00a0\u00bb.vc_custom_1693496054913{padding-top: 4em !important;padding-bottom: 4em !important;background-image: url(https:\/\/storagepal.fr\/wp-content\/uploads\/2023\/08\/blog-header.png?id=384) !important;background-position: center !important;background-repeat: no-repeat !important;background-size: cover !important;}\u00a0\u00bb][vc_column width=\u00a0\u00bb1\/2&Prime; css=\u00a0\u00bb.vc_custom_1693370142122{padding-top: 0px !important;}\u00a0\u00bb][vc_custom_heading text=\u00a0\u00bbStockez ches nous\u00a0\u00bb font_container=\u00a0\u00bbtag:h2|font_size:66px|text_align:left|color:%23ffffff|line_height:76px\u00a0\u00bb use_theme_fonts=\u00a0\u00bbyes\u00a0\u00bb el_class=\u00a0\u00bbwidth-title\u00a0\u00bb css=\u00a0\u00bb.vc_custom_1694765916988{margin-top: 0px !important;margin-bottom: 0px !important;padding-top: 0px !important;padding-bottom: 0px !important;}\u00a0\u00bb][\/vc_column][vc_column width=\u00a0\u00bb1\/2&Prime;][vc_raw_html el_class=\u00a0\u00bbtext-center\u00a0\u00bb]JTNDYSUyMHN0eWxlJTNEJTIydGV4dC1hbGlnbiUzQXJpZ2h0JTIyJTIwY2xhc3MlM0QlMjJidG4tMiUyMiUyMGhyZWYlM0QlMjJodHRwcyUzQSUyRiUyRmNhdGFsb2cuc3RvcmFnZXBhbC5mciUyRmZyJTJGY2F0YWxvZ3VlLmh0bWwlMjIlMjB0YXJnZXQlM0QlMjJfc2VsZiUyMiUzRSUzQ2RpdiUyMHN0eWxlJTNEJTIyYmFja2dyb3VuZCUzQXdoaXRlJTNCY29sb3IlM0FibGFjayUyMiUyMGNsYXNzJTNEJTIyYXN0LWN1c3RvbS1idXR0b24lMjIlM0VPYnRlbmlyJTIwdW4lMjBkZXZpcyUyMGltbSVDMyVBOWRpYSUzQyUyRmRpdiUzRSUzQyUyRmElM0U=[\/vc_raw_html][\/vc_column][\/vc_row]<\/p>\n<\/section>","protected":false},"excerpt":{"rendered":"<p>[vc_row el_class=\u00a0\u00bbmain-container\u00a0\u00bb css=\u00a0\u00bb.vc_custom_1693924006371{padding-bottom: 4em !important;}\u00a0\u00bb][vc_column css=\u00a0\u00bb.vc_custom_1694324241392{margin-top: 25px !important;}\u00a0\u00bb][vc_column_text]Avec StoragePal, louer un espace de stockage n&rsquo;a jamais \u00e9t\u00e9 aussi simple. Il vous suffit de s\u00e9lectionner vos articles dans notre catalogue pour remplir votre espace personnalis\u00e9. Vous n&rsquo;\u00eates pas s\u00fbr du nombre d&rsquo;articles ? Pas de soucis, ajoutez ou retirez des articles jusqu&rsquo;\u00e0 la date de votre &hellip;<\/p>\n<p class=\"read-more\"> <a class=\"\" href=\"https:\/\/storagepal.fr\/fr\/how-it-works\/\"> <span class=\"screen-reader-text\">Comment \u00e7a marche<\/span> Lire la suite\u00a0\u00bb<\/a><\/p>\n","protected":false},"author":3,"featured_media":1818,"parent":0,"menu_order":0,"comment_status":"closed","ping_status":"closed","template":"","meta":{"content-type":"","site-sidebar-layout":"no-sidebar","site-content-layout":"plain-container","ast-site-content-layout":"default","site-content-style":"default","site-sidebar-style":"default","ast-global-header-display":"","ast-banner-title-visibility":"","ast-main-header-display":"","ast-hfb-above-header-display":"","ast-hfb-below-header-display":"","ast-hfb-mobile-header-display":"","site-post-title":"","ast-breadcrumbs-content":"","ast-featured-img":"","footer-sml-layout":"","theme-transparent-header-meta":"default","adv-header-id-meta":"","stick-header-meta":"default","header-above-stick-meta":"","header-main-stick-meta":"","header-below-stick-meta":"","astra-migrate-meta-layouts":"set","footnotes":""},"tags":[],"class_list":["post-1748","page","type-page","status-publish","has-post-thumbnail","hentry"],"yoast_head":"<!-- This site is optimized with the Yoast SEO plugin v25.9 - https:\/\/yoast.com\/wordpress\/plugins\/seo\/ -->\n<title>Comment \u00e7a marche - StoragePal<\/title>\n<meta name=\"robots\" content=\"index, follow, max-snippet:-1, max-image-preview:large, max-video-preview:-1\" \/>\n<link rel=\"canonical\" href=\"https:\/\/storagepal.fr\/fr\/how-it-works\/\" \/>\n<meta property=\"og:locale\" content=\"fr_FR\" \/>\n<meta property=\"og:type\" content=\"article\" \/>\n<meta property=\"og:title\" content=\"Comment \u00e7a marche - StoragePal\" \/>\n<meta property=\"og:description\" content=\"[vc_row el_class=\u00a0\u00bbmain-container\u00a0\u00bb css=\u00a0\u00bb.vc_custom_1693924006371{padding-bottom: 4em !important;}\u00a0\u00bb][vc_column css=\u00a0\u00bb.vc_custom_1694324241392{margin-top: 25px !important;}\u00a0\u00bb][vc_column_text]Avec StoragePal, louer un espace de stockage n&rsquo;a jamais \u00e9t\u00e9 aussi simple. Il vous suffit de s\u00e9lectionner vos articles dans notre catalogue pour remplir votre espace personnalis\u00e9. Vous n&rsquo;\u00eates pas s\u00fbr du nombre d&rsquo;articles ? Pas de soucis, ajoutez ou retirez des articles jusqu&rsquo;\u00e0 la date de votre &hellip; Comment \u00e7a marche Lire la suite\u00a0\u00bb\" \/>\n<meta property=\"og:url\" content=\"https:\/\/storagepal.fr\/fr\/how-it-works\/\" \/>\n<meta property=\"og:site_name\" content=\"StoragePal\" \/>\n<meta property=\"article:modified_time\" content=\"2023-11-03T09:58:00+00:00\" \/>\n<meta property=\"og:image\" content=\"https:\/\/storagepal.fr\/wp-content\/uploads\/2023\/09\/how-it-woks-header.jpg\" \/>\n\t<meta property=\"og:image:width\" content=\"1500\" \/>\n\t<meta property=\"og:image:height\" content=\"350\" \/>\n\t<meta property=\"og:image:type\" content=\"image\/jpeg\" \/>\n<meta name=\"twitter:card\" content=\"summary_large_image\" \/>\n<meta name=\"twitter:label1\" content=\"Dur\u00e9e de lecture estim\u00e9e\" \/>\n\t<meta name=\"twitter:data1\" content=\"3 minutes\" \/>\n<script type=\"application\/ld+json\" class=\"yoast-schema-graph\">{\"@context\":\"https:\/\/schema.org\",\"@graph\":[{\"@type\":\"WebPage\",\"@id\":\"https:\/\/storagepal.fr\/fr\/how-it-works\/\",\"url\":\"https:\/\/storagepal.fr\/fr\/how-it-works\/\",\"name\":\"Comment \u00e7a marche - StoragePal\",\"isPartOf\":{\"@id\":\"https:\/\/storagepal.fr\/#website\"},\"primaryImageOfPage\":{\"@id\":\"https:\/\/storagepal.fr\/fr\/how-it-works\/#primaryimage\"},\"image\":{\"@id\":\"https:\/\/storagepal.fr\/fr\/how-it-works\/#primaryimage\"},\"thumbnailUrl\":\"https:\/\/storagepal.fr\/wp-content\/uploads\/2023\/09\/how-it-woks-header.jpg\",\"datePublished\":\"2023-09-10T05:44:47+00:00\",\"dateModified\":\"2023-11-03T09:58:00+00:00\",\"breadcrumb\":{\"@id\":\"https:\/\/storagepal.fr\/fr\/how-it-works\/#breadcrumb\"},\"inLanguage\":\"fr-FR\",\"potentialAction\":[{\"@type\":\"ReadAction\",\"target\":[\"https:\/\/storagepal.fr\/fr\/how-it-works\/\"]}]},{\"@type\":\"ImageObject\",\"inLanguage\":\"fr-FR\",\"@id\":\"https:\/\/storagepal.fr\/fr\/how-it-works\/#primaryimage\",\"url\":\"https:\/\/storagepal.fr\/wp-content\/uploads\/2023\/09\/how-it-woks-header.jpg\",\"contentUrl\":\"https:\/\/storagepal.fr\/wp-content\/uploads\/2023\/09\/how-it-woks-header.jpg\",\"width\":1500,\"height\":350},{\"@type\":\"BreadcrumbList\",\"@id\":\"https:\/\/storagepal.fr\/fr\/how-it-works\/#breadcrumb\",\"itemListElement\":[{\"@type\":\"ListItem\",\"position\":1,\"name\":\"Home\",\"item\":\"https:\/\/storagepal.fr\/fr\/\"},{\"@type\":\"ListItem\",\"position\":2,\"name\":\"Comment \u00e7a marche\"}]},{\"@type\":\"WebSite\",\"@id\":\"https:\/\/storagepal.fr\/#website\",\"url\":\"https:\/\/storagepal.fr\/\",\"name\":\"StoragePal\",\"description\":\"\",\"publisher\":{\"@id\":\"https:\/\/storagepal.fr\/#organization\"},\"potentialAction\":[{\"@type\":\"SearchAction\",\"target\":{\"@type\":\"EntryPoint\",\"urlTemplate\":\"https:\/\/storagepal.fr\/?s={search_term_string}\"},\"query-input\":{\"@type\":\"PropertyValueSpecification\",\"valueRequired\":true,\"valueName\":\"search_term_string\"}}],\"inLanguage\":\"fr-FR\"},{\"@type\":\"Organization\",\"@id\":\"https:\/\/storagepal.fr\/#organization\",\"name\":\"StoragePal\",\"url\":\"https:\/\/storagepal.fr\/\",\"logo\":{\"@type\":\"ImageObject\",\"inLanguage\":\"fr-FR\",\"@id\":\"https:\/\/storagepal.fr\/#\/schema\/logo\/image\/\",\"url\":\"https:\/\/storagepal.fr\/wp-content\/uploads\/2023\/08\/storagepal-logo.png\",\"contentUrl\":\"https:\/\/storagepal.fr\/wp-content\/uploads\/2023\/08\/storagepal-logo.png\",\"width\":656,\"height\":193,\"caption\":\"StoragePal\"},\"image\":{\"@id\":\"https:\/\/storagepal.fr\/#\/schema\/logo\/image\/\"}}]}<\/script>\n<!-- \/ Yoast SEO plugin. -->","yoast_head_json":{"title":"Comment \u00e7a marche - StoragePal","robots":{"index":"index","follow":"follow","max-snippet":"max-snippet:-1","max-image-preview":"max-image-preview:large","max-video-preview":"max-video-preview:-1"},"canonical":"https:\/\/storagepal.fr\/fr\/how-it-works\/","og_locale":"fr_FR","og_type":"article","og_title":"Comment \u00e7a marche - StoragePal","og_description":"[vc_row el_class=\u00a0\u00bbmain-container\u00a0\u00bb css=\u00a0\u00bb.vc_custom_1693924006371{padding-bottom: 4em !important;}\u00a0\u00bb][vc_column css=\u00a0\u00bb.vc_custom_1694324241392{margin-top: 25px !important;}\u00a0\u00bb][vc_column_text]Avec StoragePal, louer un espace de stockage n&rsquo;a jamais \u00e9t\u00e9 aussi simple. Il vous suffit de s\u00e9lectionner vos articles dans notre catalogue pour remplir votre espace personnalis\u00e9. Vous n&rsquo;\u00eates pas s\u00fbr du nombre d&rsquo;articles ? Pas de soucis, ajoutez ou retirez des articles jusqu&rsquo;\u00e0 la date de votre &hellip; Comment \u00e7a marche Lire la suite\u00a0\u00bb","og_url":"https:\/\/storagepal.fr\/fr\/how-it-works\/","og_site_name":"StoragePal","article_modified_time":"2023-11-03T09:58:00+00:00","og_image":[{"width":1500,"height":350,"url":"https:\/\/storagepal.fr\/wp-content\/uploads\/2023\/09\/how-it-woks-header.jpg","type":"image\/jpeg"}],"twitter_card":"summary_large_image","twitter_misc":{"Dur\u00e9e de lecture estim\u00e9e":"3 minutes"},"schema":{"@context":"https:\/\/schema.org","@graph":[{"@type":"WebPage","@id":"https:\/\/storagepal.fr\/fr\/how-it-works\/","url":"https:\/\/storagepal.fr\/fr\/how-it-works\/","name":"Comment \u00e7a marche - StoragePal","isPartOf":{"@id":"https:\/\/storagepal.fr\/#website"},"primaryImageOfPage":{"@id":"https:\/\/storagepal.fr\/fr\/how-it-works\/#primaryimage"},"image":{"@id":"https:\/\/storagepal.fr\/fr\/how-it-works\/#primaryimage"},"thumbnailUrl":"https:\/\/storagepal.fr\/wp-content\/uploads\/2023\/09\/how-it-woks-header.jpg","datePublished":"2023-09-10T05:44:47+00:00","dateModified":"2023-11-03T09:58:00+00:00","breadcrumb":{"@id":"https:\/\/storagepal.fr\/fr\/how-it-works\/#breadcrumb"},"inLanguage":"fr-FR","potentialAction":[{"@type":"ReadAction","target":["https:\/\/storagepal.fr\/fr\/how-it-works\/"]}]},{"@type":"ImageObject","inLanguage":"fr-FR","@id":"https:\/\/storagepal.fr\/fr\/how-it-works\/#primaryimage","url":"https:\/\/storagepal.fr\/wp-content\/uploads\/2023\/09\/how-it-woks-header.jpg","contentUrl":"https:\/\/storagepal.fr\/wp-content\/uploads\/2023\/09\/how-it-woks-header.jpg","width":1500,"height":350},{"@type":"BreadcrumbList","@id":"https:\/\/storagepal.fr\/fr\/how-it-works\/#breadcrumb","itemListElement":[{"@type":"ListItem","position":1,"name":"Home","item":"https:\/\/storagepal.fr\/fr\/"},{"@type":"ListItem","position":2,"name":"Comment \u00e7a marche"}]},{"@type":"WebSite","@id":"https:\/\/storagepal.fr\/#website","url":"https:\/\/storagepal.fr\/","name":"StoragePal","description":"","publisher":{"@id":"https:\/\/storagepal.fr\/#organization"},"potentialAction":[{"@type":"SearchAction","target":{"@type":"EntryPoint","urlTemplate":"https:\/\/storagepal.fr\/?s={search_term_string}"},"query-input":{"@type":"PropertyValueSpecification","valueRequired":true,"valueName":"search_term_string"}}],"inLanguage":"fr-FR"},{"@type":"Organization","@id":"https:\/\/storagepal.fr\/#organization","name":"StoragePal","url":"https:\/\/storagepal.fr\/","logo":{"@type":"ImageObject","inLanguage":"fr-FR","@id":"https:\/\/storagepal.fr\/#\/schema\/logo\/image\/","url":"https:\/\/storagepal.fr\/wp-content\/uploads\/2023\/08\/storagepal-logo.png","contentUrl":"https:\/\/storagepal.fr\/wp-content\/uploads\/2023\/08\/storagepal-logo.png","width":656,"height":193,"caption":"StoragePal"},"image":{"@id":"https:\/\/storagepal.fr\/#\/schema\/logo\/image\/"}}]}},"_links":{"self":[{"href":"https:\/\/storagepal.fr\/fr\/wp-json\/wp\/v2\/pages\/1748","targetHints":{"allow":["GET"]}}],"collection":[{"href":"https:\/\/storagepal.fr\/fr\/wp-json\/wp\/v2\/pages"}],"about":[{"href":"https:\/\/storagepal.fr\/fr\/wp-json\/wp\/v2\/types\/page"}],"author":[{"embeddable":true,"href":"https:\/\/storagepal.fr\/fr\/wp-json\/wp\/v2\/users\/3"}],"replies":[{"embeddable":true,"href":"https:\/\/storagepal.fr\/fr\/wp-json\/wp\/v2\/comments?post=1748"}],"version-history":[{"count":3,"href":"https:\/\/storagepal.fr\/fr\/wp-json\/wp\/v2\/pages\/1748\/revisions"}],"predecessor-version":[{"id":2328,"href":"https:\/\/storagepal.fr\/fr\/wp-json\/wp\/v2\/pages\/1748\/revisions\/2328"}],"wp:featuredmedia":[{"embeddable":true,"href":"https:\/\/storagepal.fr\/fr\/wp-json\/wp\/v2\/media\/1818"}],"wp:attachment":[{"href":"https:\/\/storagepal.fr\/fr\/wp-json\/wp\/v2\/media?parent=1748"}],"wp:term":[{"taxonomy":"post_tag","embeddable":true,"href":"https:\/\/storagepal.fr\/fr\/wp-json\/wp\/v2\/tags?post=1748"}],"curies":[{"name":"wp","href":"https:\/\/api.w.org\/{rel}","templated":true}]}}