{"id":1737,"date":"2023-08-30T05:51:42","date_gmt":"2023-08-30T05:51:42","guid":{"rendered":"https:\/\/storagepal.fr\/about-us\/"},"modified":"2025-09-22T15:02:06","modified_gmt":"2025-09-22T15:02:06","slug":"a-propos-de-nous","status":"publish","type":"page","link":"https:\/\/storagepal.fr\/fr\/a-propos-de-nous\/","title":{"rendered":"A propos de nous"},"content":{"rendered":"<section class=\"wpb-content-wrapper\"><p>[vc_row full_width=\u00a0\u00bbstretch_row\u00a0\u00bb css=\u00a0\u00bb.vc_custom_1693374757123{padding-top: 8em !important;padding-bottom: 8em !important;background-image: url(https:\/\/storagepal.fr\/wp-content\/uploads\/2023\/08\/aboutus.png?id=502) !important;background-position: center !important;background-repeat: no-repeat !important;background-size: cover !important;}\u00a0\u00bb][vc_column][vc_custom_heading text=\u00a0\u00bbNotre histoire\u00a0\u00bb font_container=\u00a0\u00bbtag:h1|font_size:66px|text_align:left|color:%23ffffff|line_height:76px\u00a0\u00bb use_theme_fonts=\u00a0\u00bbyes\u00a0\u00bb][\/vc_column][\/vc_row][vc_row equal_height=\u00a0\u00bbyes\u00a0\u00bb content_placement=\u00a0\u00bbmiddle\u00a0\u00bb css=\u00a0\u00bb.vc_custom_1693376161048{margin-top: -50px !important;background-color: #ff7d38 !important;}\u00a0\u00bb el_class=\u00a0\u00bbshadow\u00a0\u00bb][vc_column width=\u00a0\u00bb2\/3&Prime; css=\u00a0\u00bb.vc_custom_1693375337046{padding-top: 4em !important;padding-right: 4em !important;padding-bottom: 3em !important;padding-left: 4em !important;}\u00a0\u00bb][vc_column_text el_class=\u00a0\u00bbtext-white\u00a0\u00bb]<strong>StoragePal<\/strong> est n\u00e9 d\u2019un constat simple : les urbains, qu\u2019ils soient particuliers ou professionnels, cherchent constamment plus d\u2019espace et un coup de main lors de leurs d\u00e9m\u00e9nagements. Les solutions existantes \u00e9taient trop ch\u00e8res, peu s\u00e9curis\u00e9es ou n\u2019offraient ni transport int\u00e9gr\u00e9 ni gestion en ligne des articles stock\u00e9s.[\/vc_column_text][vc_separator][vc_custom_heading text=\u00a0\u00bb2003 <b>Nos d\u00e9buts<\/b>\u00a0\u00bb font_container=\u00a0\u00bbtag:p|font_size:66px|text_align:left|color:%23ffffff|line_height:76px\u00a0\u00bb use_theme_fonts=\u00a0\u00bbyes\u00a0\u00bb el_class=\u00a0\u00bbwidth-title\u00a0\u00bb css=\u00a0\u00bb.vc_custom_1693374792301{margin-top: 0px !important;margin-bottom: 0px !important;padding-top: 0px !important;padding-bottom: 0px !important;}\u00a0\u00bb][\/vc_column][vc_column width=\u00a0\u00bb1\/3&Prime; css=\u00a0\u00bb.vc_custom_1693374608461{background-color: #ffffff !important;}\u00a0\u00bb][vc_single_image image=\u00a0\u00bb46&Prime; img_size=\u00a0\u00bbfull\u00a0\u00bb alignment=\u00a0\u00bbcenter\u00a0\u00bb el_class=\u00a0\u00bbimg-logo\u00a0\u00bb][\/vc_column][\/vc_row][vc_row css=\u00a0\u00bb.vc_custom_1693369738903{margin-top: 2em !important;margin-bottom: 2em !important;}\u00a0\u00bb][vc_column width=\u00a0\u00bb2\/3&Prime;][vc_column_text]Notre \u00e9quipe a commenc\u00e9 \u00e0 d\u00e9velopper des centres de self-stockage \u00e0 Paris, permettant aux particuliers et professionnels en manque d\u2019espace ou en plein d\u00e9m\u00e9nagement de louer un espace s\u00e9curis\u00e9 pour y stocker cartons, meubles, \u00e9quipements et autres objets du quotidien.<br \/>\n[\/vc_column_text][vc_row_inner][vc_column_inner width=\u00a0\u00bb2\/3&Prime;][vc_custom_heading text=\u00a0\u00bbAu fil des ann\u00e9es, notre expertise s\u2019est d\u00e9velopp\u00e9e en France et \u00e0 travers l\u2019Europe.\u00a0\u00bb font_container=\u00a0\u00bbtag:h3|font_size:22px|text_align:left|color:%23000000|line_height:30px\u00a0\u00bb use_theme_fonts=\u00a0\u00bbyes\u00a0\u00bb css=\u00a0\u00bb.vc_custom_1693375299447{border-left-width: 4px !important;padding-left: 2em !important;border-left-color: #ff7d38 !important;border-left-style: solid !important;}\u00a0\u00bb][\/vc_column_inner][vc_column_inner width=\u00a0\u00bb1\/3&Prime;][\/vc_column_inner][\/vc_row_inner][vc_separator css=\u00a0\u00bb.vc_custom_1693375372096{padding-top: 1em !important;padding-bottom: 1em !important;}\u00a0\u00bb][vc_custom_heading text=\u00a0\u00bb2015 <b>Stockage \u00e0 la demande<\/b>\u00a0\u00bb font_container=\u00a0\u00bbtag:p|font_size:66px|text_align:left|color:%23000000|line_height:76px\u00a0\u00bb use_theme_fonts=\u00a0\u00bbyes\u00a0\u00bb el_class=\u00a0\u00bbwidth-title\u00a0\u00bb css=\u00a0\u00bb.vc_custom_1693375541943{margin-top: 0px !important;margin-bottom: 0px !important;padding-top: 0px !important;padding-bottom: 0px !important;}\u00a0\u00bb][vc_column_text]Face au manque de locaux adapt\u00e9s en centre-ville, \u00e0 l\u2019essor du smartphone et \u00e0 notre engagement pour un d\u00e9veloppement urbain durable, nous avons lanc\u00e9 notre premier service de stockage \u00e0 la demande avec trois innovations majeures :[\/vc_column_text][\/vc_column][vc_column width=\u00a0\u00bb1\/3&Prime;][\/vc_column][\/vc_row][vc_row full_width=\u00a0\u00bbstretch_row_content_no_spaces\u00a0\u00bb gap=\u00a0\u00bb10&Prime; equal_height=\u00a0\u00bbyes\u00a0\u00bb][vc_column width=\u00a0\u00bb1\/3&Prime; css=\u00a0\u00bb.vc_custom_1693375652021{padding-top: 2em !important;padding-right: 2em !important;padding-bottom: 2em !important;padding-left: 2em !important;background-color: rgba(206,206,206,0.65) !important;*background-color: rgb(206,206,206) !important;}\u00a0\u00bb][vc_custom_heading text=\u00a0\u00bb1. Tarification \u00e0 l\u2019objet\u00a0\u00bb font_container=\u00a0\u00bbtag:h3|font_size:36px|text_align:left|color:%23000000|line_height:46px\u00a0\u00bb use_theme_fonts=\u00a0\u00bbyes\u00a0\u00bb css=\u00a0\u00bb.vc_custom_1693375681788{border-left-width: 4px !important;padding-left: 2em !important;border-left-color: #ff7d38 !important;border-left-style: solid !important;}\u00a0\u00bb][vc_column_text]Pour que nos clients paient uniquement pour le volume occup\u00e9, et non pour un box \u00e0 moiti\u00e9 vide. \u00c0 chaque objet retir\u00e9, leur facture mensuelle diminue.[\/vc_column_text][\/vc_column][vc_column width=\u00a0\u00bb1\/3&Prime; css=\u00a0\u00bb.vc_custom_1693375726708{padding-top: 2em !important;padding-right: 2em !important;padding-bottom: 2em !important;padding-left: 2em !important;background-color: rgba(206,206,206,0.42) !important;*background-color: rgb(206,206,206) !important;}\u00a0\u00bb][vc_custom_heading text=\u00a0\u00bb2. Enl\u00e8vement et transport inclus\u00a0\u00bb font_container=\u00a0\u00bbtag:h3|font_size:36px|text_align:left|color:%23000000|line_height:46px\u00a0\u00bb use_theme_fonts=\u00a0\u00bbyes\u00a0\u00bb css=\u00a0\u00bb.vc_custom_1693375758667{border-left-width: 4px !important;padding-left: 2em !important;border-left-color: #ff7d38 !important;border-left-style: solid !important;}\u00a0\u00bb][vc_column_text]Le stockage traditionnel impose d\u2019avoir un v\u00e9hicule pour entreposer ses affaires. Or, la plupart des urbains n\u2019ont ni v\u00e9hicule, ni temps, ni \u00e9nergie pour faire des allers-retours au centre de stockage \u00e0 chaque besoin.[\/vc_column_text][\/vc_column][vc_column width=\u00a0\u00bb1\/3&Prime; css=\u00a0\u00bb.vc_custom_1693375810099{padding-top: 2em !important;padding-right: 2em !important;padding-bottom: 2em !important;padding-left: 2em !important;background-color: rgba(206,206,206,0.2) !important;*background-color: rgb(206,206,206) !important;}\u00a0\u00bb][vc_custom_heading text=\u00a0\u00bb3. Stockage en racks\u00a0\u00bb font_container=\u00a0\u00bbtag:h3|font_size:36px|text_align:left|color:%23000000|line_height:46px\u00a0\u00bb use_theme_fonts=\u00a0\u00bbyes\u00a0\u00bb css=\u00a0\u00bb.vc_custom_1693375752263{border-left-width: 4px !important;padding-left: 2em !important;border-left-color: #ff7d38 !important;border-left-style: solid !important;}\u00a0\u00bb][vc_column_text]Les espaces de stockage individuels sont pratiques mais extr\u00eamement inefficaces. Rarement remplis \u00e0 plus de deux tiers, ils gaspillent un espace pr\u00e9cieux, surtout en centre-ville o\u00f9 le foncier est tr\u00e8s co\u00fbteux. Le stockage en racks (sur des \u00e9tag\u00e8res industrielles) permet de densifier le stockage, donc de le rendre plus \u00e9conomique pour les utilisateurs.[\/vc_column_text][\/vc_column][\/vc_row][vc_row css=\u00a0\u00bb.vc_custom_1693376072454{margin-top: 3em !important;margin-bottom: 2em !important;}\u00a0\u00bb][vc_column width=\u00a0\u00bb2\/3&Prime;][vc_custom_heading text=\u00a0\u00bb2019 <b>Mon Espace<\/b>\u00a0\u00bb font_container=\u00a0\u00bbtag:p|font_size:66px|text_align:left|color:%23000000|line_height:76px\u00a0\u00bb use_theme_fonts=\u00a0\u00bbyes\u00a0\u00bb el_class=\u00a0\u00bbwidth-title\u00a0\u00bb css=\u00a0\u00bb.vc_custom_1693375856064{margin-top: 0px !important;margin-bottom: 0px !important;padding-top: 0px !important;padding-bottom: 0px !important;}\u00a0\u00bb][vc_column_text]StoragePal a lanc\u00e9 une nouvelle application qui facilite encore l\u2019acc\u00e8s \u00e0 nos centres de stockage pour nos clients, particuliers comme professionnels.[\/vc_column_text][\/vc_column][vc_column width=\u00a0\u00bb1\/3&Prime;][\/vc_column][\/vc_row][vc_row full_width=\u00a0\u00bbstretch_row_content_no_spaces\u00a0\u00bb equal_height=\u00a0\u00bbyes\u00a0\u00bb][vc_column width=\u00a0\u00bb1\/2&Prime; css=\u00a0\u00bb.vc_custom_1693376093004{padding-top: 2em !important;padding-right: 2em !important;padding-bottom: 2em !important;padding-left: 2em !important;background-image: url(https:\/\/storagepal.fr\/wp-content\/uploads\/2023\/08\/aboutusleft.png?id=525) !important;background-position: center !important;background-repeat: no-repeat !important;background-size: cover !important;}\u00a0\u00bb][vc_custom_heading text=\u00a0\u00bbGestion en ligne\u00a0\u00bb font_container=\u00a0\u00bbtag:p|font_size:48px|text_align:left|color:%23ffffff|line_height:56px\u00a0\u00bb use_theme_fonts=\u00a0\u00bbyes\u00a0\u00bb el_class=\u00a0\u00bbwidth-title\u00a0\u00bb css=\u00a0\u00bb.vc_custom_1693376030399{margin-top: 0px !important;margin-bottom: 0px !important;padding-top: 0px !important;padding-bottom: 0px !important;}\u00a0\u00bb][vc_column_text el_class=\u00a0\u00bbtext-white\u00a0\u00bb]Pour que nos clients puissent r\u00e9server stockage et transport en quelques clics, g\u00e9rer chaque article dans leur espace en ligne, importer des photos de leurs meubles et du contenu de leurs cartons, ajouter une description des articles stock\u00e9s et du contenu de chaque carton, r\u00e9server un retour, une visite pour d\u00e9poser, r\u00e9cup\u00e9rer ou simplement ajouter ou retirer un article d\u2019un carton d\u00e9j\u00e0 stock\u00e9.[\/vc_column_text][\/vc_column][vc_column width=\u00a0\u00bb1\/2&Prime; css=\u00a0\u00bb.vc_custom_1693376123309{padding-top: 2em !important;padding-right: 2em !important;padding-bottom: 2em !important;padding-left: 2em !important;background-image: url(https:\/\/storagepal.fr\/wp-content\/uploads\/2023\/08\/aboutusright.png?id=524) !important;background-position: center !important;background-repeat: no-repeat !important;background-size: cover !important;}\u00a0\u00bb el_class=\u00a0\u00bbtext-white\u00a0\u00bb][vc_custom_heading text=\u00a0\u00bbPlus d\u2019innovation\u00a0\u00bb font_container=\u00a0\u00bbtag:p|font_size:48px|text_align:left|color:%23ffffff|line_height:56px\u00a0\u00bb use_theme_fonts=\u00a0\u00bbyes\u00a0\u00bb el_class=\u00a0\u00bbwidth-title\u00a0\u00bb css=\u00a0\u00bb.vc_custom_1693376019436{margin-top: 0px !important;margin-bottom: 0px !important;padding-top: 0px !important;padding-bottom: 0px !important;}\u00a0\u00bb][vc_column_text]Avant StoragePal, l\u2019exp\u00e9rience du stockage domestique ou professionnel avait peu \u00e9volu\u00e9 depuis les ann\u00e9es 60. C\u2019\u00e9tait une corv\u00e9e \u00e0 faire soi-m\u00eame le week-end, souvent avec une location de v\u00e9hicule, contre la montre, et finissant par des bleus et des courbatures \u00e0 force de porter meubles et cartons. Aujourd\u2019hui, StoragePal rend le stockage urbain encore plus accessible et travaille chaque jour pour apporter toujours plus d\u2019innovation.[\/vc_column_text][\/vc_column][\/vc_row]<\/p>\n<\/section>","protected":false},"excerpt":{"rendered":"<p>[vc_row full_width=\u00a0\u00bbstretch_row\u00a0\u00bb css=\u00a0\u00bb.vc_custom_1693374757123{padding-top: 8em !important;padding-bottom: 8em !important;background-image: url(https:\/\/storagepal.fr\/wp-content\/uploads\/2023\/08\/aboutus.png?id=502) !important;background-position: center !important;background-repeat: no-repeat !important;background-size: cover !important;}\u00a0\u00bb][vc_column][vc_custom_heading text=\u00a0\u00bbNotre histoire\u00a0\u00bb font_container=\u00a0\u00bbtag:h1|font_size:66px|text_align:left|color:%23ffffff|line_height:76px\u00a0\u00bb use_theme_fonts=\u00a0\u00bbyes\u00a0\u00bb][\/vc_column][\/vc_row][vc_row equal_height=\u00a0\u00bbyes\u00a0\u00bb content_placement=\u00a0\u00bbmiddle\u00a0\u00bb css=\u00a0\u00bb.vc_custom_1693376161048{margin-top: -50px !important;background-color: #ff7d38 !important;}\u00a0\u00bb el_class=\u00a0\u00bbshadow\u00a0\u00bb][vc_column width=\u00a0\u00bb2\/3&Prime; css=\u00a0\u00bb.vc_custom_1693375337046{padding-top: 4em !important;padding-right: 4em !important;padding-bottom: 3em !important;padding-left: 4em !important;}\u00a0\u00bb][vc_column_text el_class=\u00a0\u00bbtext-white\u00a0\u00bb]StoragePal est n\u00e9 d\u2019un constat simple : les urbains, qu\u2019ils soient particuliers ou professionnels, cherchent constamment plus d\u2019espace &hellip;<\/p>\n<p class=\"read-more\"> <a class=\"\" href=\"https:\/\/storagepal.fr\/fr\/a-propos-de-nous\/\"> <span class=\"screen-reader-text\">A propos de nous<\/span> Lire la suite\u00a0\u00bb<\/a><\/p>\n","protected":false},"author":3,"featured_media":1598,"parent":0,"menu_order":0,"comment_status":"closed","ping_status":"closed","template":"","meta":{"content-type":"","site-sidebar-layout":"no-sidebar","site-content-layout":"plain-container","ast-site-content-layout":"normal-width-container","site-content-style":"default","site-sidebar-style":"default","ast-global-header-display":"","ast-banner-title-visibility":"","ast-main-header-display":"","ast-hfb-above-header-display":"","ast-hfb-below-header-display":"","ast-hfb-mobile-header-display":"","site-post-title":"disabled","ast-breadcrumbs-content":"disabled","ast-featured-img":"disabled","footer-sml-layout":"","theme-transparent-header-meta":"default","adv-header-id-meta":"","stick-header-meta":"default","header-above-stick-meta":"","header-main-stick-meta":"","header-below-stick-meta":"","astra-migrate-meta-layouts":"set","footnotes":""},"tags":[],"class_list":["post-1737","page","type-page","status-publish","has-post-thumbnail","hentry"],"yoast_head":"<!-- This site is optimized with the Yoast SEO plugin v25.9 - https:\/\/yoast.com\/wordpress\/plugins\/seo\/ -->\n<title>Qui sommes-nous | StoragePal : votre partenaire de confiance pour le stockage \u00e0 Paris<\/title>\n<meta name=\"description\" content=\"D\u00e9couvrez StoragePal \u2013 votre partenaire de confiance pour le stockage \u00e0 Paris. Tarifs \u00e0 l\u2019article, enl\u00e8vement gratuit et solutions de stockage s\u00e9curis\u00e9es et sans souci pour vous simplifier la vie.\" \/>\n<meta name=\"robots\" content=\"index, follow, max-snippet:-1, max-image-preview:large, max-video-preview:-1\" \/>\n<link rel=\"canonical\" href=\"https:\/\/storagepal.fr\/about-us\/\" \/>\n<meta property=\"og:locale\" content=\"fr_FR\" \/>\n<meta property=\"og:type\" content=\"article\" \/>\n<meta property=\"og:title\" content=\"Qui sommes-nous | StoragePal : votre partenaire de confiance pour le stockage \u00e0 Paris\" \/>\n<meta property=\"og:description\" content=\"D\u00e9couvrez StoragePal \u2013 votre partenaire de confiance pour le stockage \u00e0 Paris. Tarifs \u00e0 l\u2019article, enl\u00e8vement gratuit et solutions de stockage s\u00e9curis\u00e9es et sans souci pour vous simplifier la vie.\" \/>\n<meta property=\"og:url\" content=\"https:\/\/storagepal.fr\/about-us\/\" \/>\n<meta property=\"og:site_name\" content=\"StoragePal\" \/>\n<meta property=\"article:modified_time\" content=\"2025-09-22T15:02:06+00:00\" \/>\n<meta property=\"og:image\" content=\"https:\/\/storagepal.fr\/wp-content\/uploads\/2023\/08\/MOVING-HOME.png\" \/>\n\t<meta property=\"og:image:width\" content=\"1512\" \/>\n\t<meta property=\"og:image:height\" content=\"350\" \/>\n\t<meta property=\"og:image:type\" content=\"image\/png\" \/>\n<meta name=\"twitter:card\" content=\"summary_large_image\" \/>\n<meta name=\"twitter:label1\" content=\"Dur\u00e9e de lecture estim\u00e9e\" \/>\n\t<meta name=\"twitter:data1\" content=\"6 minutes\" \/>\n<script type=\"application\/ld+json\" class=\"yoast-schema-graph\">{\"@context\":\"https:\/\/schema.org\",\"@graph\":[{\"@type\":\"WebPage\",\"@id\":\"https:\/\/storagepal.fr\/about-us\/\",\"url\":\"https:\/\/storagepal.fr\/about-us\/\",\"name\":\"Qui sommes-nous | StoragePal : votre partenaire de confiance pour le stockage \u00e0 Paris\",\"isPartOf\":{\"@id\":\"https:\/\/storagepal.fr\/#website\"},\"primaryImageOfPage\":{\"@id\":\"https:\/\/storagepal.fr\/about-us\/#primaryimage\"},\"image\":{\"@id\":\"https:\/\/storagepal.fr\/about-us\/#primaryimage\"},\"thumbnailUrl\":\"https:\/\/storagepal.fr\/wp-content\/uploads\/2023\/08\/MOVING-HOME.png\",\"datePublished\":\"2023-08-30T05:51:42+00:00\",\"dateModified\":\"2025-09-22T15:02:06+00:00\",\"description\":\"D\u00e9couvrez StoragePal \u2013 votre partenaire de confiance pour le stockage \u00e0 Paris. Tarifs \u00e0 l\u2019article, enl\u00e8vement gratuit et solutions de stockage s\u00e9curis\u00e9es et sans souci pour vous simplifier la vie.\",\"breadcrumb\":{\"@id\":\"https:\/\/storagepal.fr\/about-us\/#breadcrumb\"},\"inLanguage\":\"fr-FR\",\"potentialAction\":[{\"@type\":\"ReadAction\",\"target\":[\"https:\/\/storagepal.fr\/about-us\/\"]}]},{\"@type\":\"ImageObject\",\"inLanguage\":\"fr-FR\",\"@id\":\"https:\/\/storagepal.fr\/about-us\/#primaryimage\",\"url\":\"https:\/\/storagepal.fr\/wp-content\/uploads\/2023\/08\/MOVING-HOME.png\",\"contentUrl\":\"https:\/\/storagepal.fr\/wp-content\/uploads\/2023\/08\/MOVING-HOME.png\",\"width\":1512,\"height\":350},{\"@type\":\"BreadcrumbList\",\"@id\":\"https:\/\/storagepal.fr\/about-us\/#breadcrumb\",\"itemListElement\":[{\"@type\":\"ListItem\",\"position\":1,\"name\":\"Home\",\"item\":\"https:\/\/storagepal.fr\/fr\/\"},{\"@type\":\"ListItem\",\"position\":2,\"name\":\"A propos de nous\"}]},{\"@type\":\"WebSite\",\"@id\":\"https:\/\/storagepal.fr\/#website\",\"url\":\"https:\/\/storagepal.fr\/\",\"name\":\"StoragePal\",\"description\":\"\",\"publisher\":{\"@id\":\"https:\/\/storagepal.fr\/#organization\"},\"potentialAction\":[{\"@type\":\"SearchAction\",\"target\":{\"@type\":\"EntryPoint\",\"urlTemplate\":\"https:\/\/storagepal.fr\/?s={search_term_string}\"},\"query-input\":{\"@type\":\"PropertyValueSpecification\",\"valueRequired\":true,\"valueName\":\"search_term_string\"}}],\"inLanguage\":\"fr-FR\"},{\"@type\":\"Organization\",\"@id\":\"https:\/\/storagepal.fr\/#organization\",\"name\":\"StoragePal\",\"url\":\"https:\/\/storagepal.fr\/\",\"logo\":{\"@type\":\"ImageObject\",\"inLanguage\":\"fr-FR\",\"@id\":\"https:\/\/storagepal.fr\/#\/schema\/logo\/image\/\",\"url\":\"https:\/\/storagepal.fr\/wp-content\/uploads\/2023\/08\/storagepal-logo.png\",\"contentUrl\":\"https:\/\/storagepal.fr\/wp-content\/uploads\/2023\/08\/storagepal-logo.png\",\"width\":656,\"height\":193,\"caption\":\"StoragePal\"},\"image\":{\"@id\":\"https:\/\/storagepal.fr\/#\/schema\/logo\/image\/\"}}]}<\/script>\n<!-- \/ Yoast SEO plugin. -->","yoast_head_json":{"title":"Qui sommes-nous | StoragePal : votre partenaire de confiance pour le stockage \u00e0 Paris","description":"D\u00e9couvrez StoragePal \u2013 votre partenaire de confiance pour le stockage \u00e0 Paris. Tarifs \u00e0 l\u2019article, enl\u00e8vement gratuit et solutions de stockage s\u00e9curis\u00e9es et sans souci pour vous simplifier la vie.","robots":{"index":"index","follow":"follow","max-snippet":"max-snippet:-1","max-image-preview":"max-image-preview:large","max-video-preview":"max-video-preview:-1"},"canonical":"https:\/\/storagepal.fr\/about-us\/","og_locale":"fr_FR","og_type":"article","og_title":"Qui sommes-nous | StoragePal : votre partenaire de confiance pour le stockage \u00e0 Paris","og_description":"D\u00e9couvrez StoragePal \u2013 votre partenaire de confiance pour le stockage \u00e0 Paris. Tarifs \u00e0 l\u2019article, enl\u00e8vement gratuit et solutions de stockage s\u00e9curis\u00e9es et sans souci pour vous simplifier la vie.","og_url":"https:\/\/storagepal.fr\/about-us\/","og_site_name":"StoragePal","article_modified_time":"2025-09-22T15:02:06+00:00","og_image":[{"width":1512,"height":350,"url":"https:\/\/storagepal.fr\/wp-content\/uploads\/2023\/08\/MOVING-HOME.png","type":"image\/png"}],"twitter_card":"summary_large_image","twitter_misc":{"Dur\u00e9e de lecture estim\u00e9e":"6 minutes"},"schema":{"@context":"https:\/\/schema.org","@graph":[{"@type":"WebPage","@id":"https:\/\/storagepal.fr\/about-us\/","url":"https:\/\/storagepal.fr\/about-us\/","name":"Qui sommes-nous | StoragePal : votre partenaire de confiance pour le stockage \u00e0 Paris","isPartOf":{"@id":"https:\/\/storagepal.fr\/#website"},"primaryImageOfPage":{"@id":"https:\/\/storagepal.fr\/about-us\/#primaryimage"},"image":{"@id":"https:\/\/storagepal.fr\/about-us\/#primaryimage"},"thumbnailUrl":"https:\/\/storagepal.fr\/wp-content\/uploads\/2023\/08\/MOVING-HOME.png","datePublished":"2023-08-30T05:51:42+00:00","dateModified":"2025-09-22T15:02:06+00:00","description":"D\u00e9couvrez StoragePal \u2013 votre partenaire de confiance pour le stockage \u00e0 Paris. Tarifs \u00e0 l\u2019article, enl\u00e8vement gratuit et solutions de stockage s\u00e9curis\u00e9es et sans souci pour vous simplifier la vie.","breadcrumb":{"@id":"https:\/\/storagepal.fr\/about-us\/#breadcrumb"},"inLanguage":"fr-FR","potentialAction":[{"@type":"ReadAction","target":["https:\/\/storagepal.fr\/about-us\/"]}]},{"@type":"ImageObject","inLanguage":"fr-FR","@id":"https:\/\/storagepal.fr\/about-us\/#primaryimage","url":"https:\/\/storagepal.fr\/wp-content\/uploads\/2023\/08\/MOVING-HOME.png","contentUrl":"https:\/\/storagepal.fr\/wp-content\/uploads\/2023\/08\/MOVING-HOME.png","width":1512,"height":350},{"@type":"BreadcrumbList","@id":"https:\/\/storagepal.fr\/about-us\/#breadcrumb","itemListElement":[{"@type":"ListItem","position":1,"name":"Home","item":"https:\/\/storagepal.fr\/fr\/"},{"@type":"ListItem","position":2,"name":"A propos de nous"}]},{"@type":"WebSite","@id":"https:\/\/storagepal.fr\/#website","url":"https:\/\/storagepal.fr\/","name":"StoragePal","description":"","publisher":{"@id":"https:\/\/storagepal.fr\/#organization"},"potentialAction":[{"@type":"SearchAction","target":{"@type":"EntryPoint","urlTemplate":"https:\/\/storagepal.fr\/?s={search_term_string}"},"query-input":{"@type":"PropertyValueSpecification","valueRequired":true,"valueName":"search_term_string"}}],"inLanguage":"fr-FR"},{"@type":"Organization","@id":"https:\/\/storagepal.fr\/#organization","name":"StoragePal","url":"https:\/\/storagepal.fr\/","logo":{"@type":"ImageObject","inLanguage":"fr-FR","@id":"https:\/\/storagepal.fr\/#\/schema\/logo\/image\/","url":"https:\/\/storagepal.fr\/wp-content\/uploads\/2023\/08\/storagepal-logo.png","contentUrl":"https:\/\/storagepal.fr\/wp-content\/uploads\/2023\/08\/storagepal-logo.png","width":656,"height":193,"caption":"StoragePal"},"image":{"@id":"https:\/\/storagepal.fr\/#\/schema\/logo\/image\/"}}]}},"_links":{"self":[{"href":"https:\/\/storagepal.fr\/fr\/wp-json\/wp\/v2\/pages\/1737","targetHints":{"allow":["GET"]}}],"collection":[{"href":"https:\/\/storagepal.fr\/fr\/wp-json\/wp\/v2\/pages"}],"about":[{"href":"https:\/\/storagepal.fr\/fr\/wp-json\/wp\/v2\/types\/page"}],"author":[{"embeddable":true,"href":"https:\/\/storagepal.fr\/fr\/wp-json\/wp\/v2\/users\/3"}],"replies":[{"embeddable":true,"href":"https:\/\/storagepal.fr\/fr\/wp-json\/wp\/v2\/comments?post=1737"}],"version-history":[{"count":13,"href":"https:\/\/storagepal.fr\/fr\/wp-json\/wp\/v2\/pages\/1737\/revisions"}],"predecessor-version":[{"id":6606,"href":"https:\/\/storagepal.fr\/fr\/wp-json\/wp\/v2\/pages\/1737\/revisions\/6606"}],"wp:featuredmedia":[{"embeddable":true,"href":"https:\/\/storagepal.fr\/fr\/wp-json\/wp\/v2\/media\/1598"}],"wp:attachment":[{"href":"https:\/\/storagepal.fr\/fr\/wp-json\/wp\/v2\/media?parent=1737"}],"wp:term":[{"taxonomy":"post_tag","embeddable":true,"href":"https:\/\/storagepal.fr\/fr\/wp-json\/wp\/v2\/tags?post=1737"}],"curies":[{"name":"wp","href":"https:\/\/api.w.org\/{rel}","templated":true}]}}